{"id":5161,"date":"2026-02-24T10:55:06","date_gmt":"2026-02-24T09:55:06","guid":{"rendered":"https:\/\/www.hotelmabi.nl\/wellness\/"},"modified":"2026-02-24T11:27:59","modified_gmt":"2026-02-24T10:27:59","slug":"wellness","status":"publish","type":"page","link":"https:\/\/www.hotelmabi.nl\/de\/wellness\/","title":{"rendered":"Wellness"},"content":{"rendered":"\n\t<section class=\"section\" id=\"section_925673273\">\n\t\t<div class=\"section-bg fill\" >\n\t\t\t<img decoding=\"async\" width=\"1500\" height=\"1001\" src=\"https:\/\/www.hotelmabi.nl\/wp-content\/uploads\/2026\/02\/Vivacious-Spa-Maastricht-TOWNHOUSE-Hotel.jpg\" class=\"bg attachment- size-\" alt=\"\" \/>\t\t\t\t\t\t<div class=\"section-bg-overlay absolute fill\"><\/div>\n\t\t\t\n\n\t\t<\/div>\n\n\t\t\n\n\t\t<div class=\"section-content relative\">\n\t\t\t\n<div class=\"row align-center\"  id=\"row-1590225099\">\n\n\t<div id=\"col-312796154\" class=\"col medium-6 small-12 large-6\"  >\n\t\t\t\t<div class=\"col-inner\"  >\n\t\t\t\n\t\t\t\n\t<div id=\"text-3550559710\" class=\"text\">\n\t\t\n<h1>Wellness in Maastricht<\/h1>\n\t\t\n<style>\n#text-3550559710 {\n  font-size: 1.1rem;\n  text-align: center;\n  color: rgb(255,255,255);\n}\n#text-3550559710 > * {\n  color: rgb(255,255,255);\n}\n@media (min-width:550px) {\n  #text-3550559710 {\n    font-size: 1.55rem;\n  }\n}\n<\/style>\n\t<\/div>\n\t\n\t<div id=\"text-2055229955\" class=\"text\">\n\t\t\n<p>Als Mabi-Gast hast du Zugang zum Vivacious Eco City Spa im The Green Elephant.<\/p>\n\t\t\n<style>\n#text-2055229955 {\n  font-size: 1rem;\n  text-align: center;\n  color: rgb(255,255,255);\n}\n#text-2055229955 > * {\n  color: rgb(255,255,255);\n}\n@media (min-width:550px) {\n  #text-2055229955 {\n    font-size: 1.5rem;\n  }\n}\n<\/style>\n\t<\/div>\n\t\n\t\t<\/div>\n\t\t\t\t\n<style>\n#col-312796154 > .col-inner {\n  margin: 20px 0px 0px 0px;\n}\n<\/style>\n\t<\/div>\n\n\t\n<\/div>\n\t\t<\/div>\n\n\t\t\n<style>\n#section_925673273 {\n  padding-top: 30px;\n  padding-bottom: 30px;\n  min-height: 300px;\n}\n#section_925673273 .section-bg-overlay {\n  background-color: rgba(0, 0, 0, 0.651);\n}\n#section_925673273 .section-bg img {\n  object-position: 56% 35%;\n}\n@media (min-width:550px) {\n  #section_925673273 {\n    min-height: 400px;\n  }\n}\n<\/style>\n\t<\/section>\n\t\n\n\t<section class=\"section\" id=\"section_1741434303\">\n\t\t<div class=\"section-bg fill\" >\n\t\t\t\t\t\t\t\t\t\n\t\t\t\n\n\t\t<\/div>\n\n\t\t\n\n\t\t<div class=\"section-content relative\">\n\t\t\t\n<div class=\"row align-middle\"  id=\"row-1456647428\">\n\n\t<div id=\"col-1171847842\" class=\"col medium-5 small-12 large-5\"  >\n\t\t\t\t<div class=\"col-inner text-left\"  >\n\t\t\t\n\t\t\t\n\t<div id=\"text-45488325\" class=\"text\">\n\t\t\n<h2 class=\"uppercase\">A Moment Between Scenes in our Wellness<\/h2>\n\t\t\n<style>\n#text-45488325 {\n  font-size: 1.25rem;\n  line-height: 1.45;\n  text-align: left;\n}\n@media (min-width:550px) {\n  #text-45488325 {\n    font-size: 1.2rem;\n  }\n}\n<\/style>\n\t<\/div>\n\t\n\t<div id=\"text-1311783277\" class=\"text\">\n\t\t\n<p>Nach einem aktiven Tag voller Bewegung, Reizen und neuen Eindr\u00fccken ist es Zeit, zur Ruhe zu kommen und neue Kraft zu tanken.<\/p>\n<p>Als Mabi-Gast haben Sie Zugang zum <strong>Vivacious Eco City Spa<\/strong> im The Green Elephant. W\u00e4rmen Sie sich in den Saunen auf, entspannen Sie sich im Hammam, k\u00fchlen Sie sich unter den Duschen oder an der Eiswand ab und tanken Sie neue Energie in der Infrarotkabine. Ein Reset f\u00fcr K\u00f6rper und Geist. <\/p>\n<p>T\u00e4glich ge\u00f6ffnet von <strong>10:00 bis 22:00<\/strong> Uhr, je nach Verf\u00fcgbarkeit und ausschlie\u00dflich mit Reservierung.<\/p>\n<p><strong>Preise ab \u20ac17,50 pro Person<\/strong> und Stunde, inklusive Bademantel, Handtuch und Slipper (verpflichtend). <\/p>\n\t\t\n<style>\n#text-1311783277 {\n  text-align: left;\n}\n<\/style>\n\t<\/div>\n\t\n<a href=\"https:\/\/app.mews.com\/distributor\/4440fcf5-57b4-4580-9ce6-b3b600e5c7ea\" target=\"_blank\" class=\"button primary\" rel=\"noopener\" style=\"border-radius:99px;\">\n\t\t<span>Buche deinen Wellnessmoment<\/span>\n\t<\/a>\n\n\t\t<\/div>\n\t\t\t\t\t<\/div>\n\n\t\n\n\t<div id=\"col-2031808972\" class=\"col medium-7 small-12 large-7 small-col-first\"  >\n\t\t\t\t<div class=\"col-inner\"  >\n\t\t\t\n\t\t\t\n<div class=\"slider-wrapper relative\" id=\"slider-1561991454\" >\n    <div class=\"slider slider-nav-circle slider-nav-large slider-nav-light slider-style-normal\"\n        data-flickity-options='{\n            \"cellAlign\": \"center\",\n            \"imagesLoaded\": true,\n            \"lazyLoad\": 1,\n            \"freeScroll\": false,\n            \"wrapAround\": true,\n            \"autoPlay\": 6000,\n            \"pauseAutoPlayOnHover\" : true,\n            \"prevNextButtons\": true,\n            \"contain\" : true,\n            \"adaptiveHeight\" : true,\n            \"dragThreshold\" : 10,\n            \"percentPosition\": true,\n            \"pageDots\": true,\n            \"rightToLeft\": false,\n            \"draggable\": true,\n            \"selectedAttraction\": 0.1,\n            \"parallax\" : 0,\n            \"friction\": 0.6        }'\n        >\n        \n\t<div class=\"img has-hover x md-x lg-x y md-y lg-y\" id=\"image_1880487805\">\n\t\t\t\t\t\t\t\t<div class=\"img-inner image-cover dark\" style=\"padding-top:75%;\">\n\t\t\t<img decoding=\"async\" width=\"1020\" height=\"612\" src=\"https:\/\/www.hotelmabi.nl\/wp-content\/uploads\/2026\/02\/the-green-elephant-hostel-en-spa-23080811521717-1024x614.jpg\" class=\"attachment-large size-large\" alt=\"\" srcset=\"https:\/\/www.hotelmabi.nl\/wp-content\/uploads\/2026\/02\/the-green-elephant-hostel-en-spa-23080811521717-1024x614.jpg 1024w, https:\/\/www.hotelmabi.nl\/wp-content\/uploads\/2026\/02\/the-green-elephant-hostel-en-spa-23080811521717-300x180.jpg 300w, https:\/\/www.hotelmabi.nl\/wp-content\/uploads\/2026\/02\/the-green-elephant-hostel-en-spa-23080811521717-768x461.jpg 768w, https:\/\/www.hotelmabi.nl\/wp-content\/uploads\/2026\/02\/the-green-elephant-hostel-en-spa-23080811521717.jpg 1260w\" sizes=\"(max-width: 1020px) 100vw, 1020px\" \/>\t\t\t\t\t\t\n\t\t\t\t\t<\/div>\n\t\t\t\t\t\t\t\t\n<style>\n#image_1880487805 {\n  width: 100%;\n}\n<\/style>\n\t<\/div>\n\t\n\t<div class=\"img has-hover x md-x lg-x y md-y lg-y\" id=\"image_1003873433\">\n\t\t\t\t\t\t\t\t<div class=\"img-inner image-cover dark\" style=\"padding-top:75%;\">\n\t\t\t<img decoding=\"async\" width=\"1020\" height=\"680\" src=\"https:\/\/www.hotelmabi.nl\/wp-content\/uploads\/2026\/02\/Vivacious-Spa-Maastricht-TOWNHOUSE-Hotel-1024x683.jpg\" class=\"attachment-large size-large\" alt=\"\" srcset=\"https:\/\/www.hotelmabi.nl\/wp-content\/uploads\/2026\/02\/Vivacious-Spa-Maastricht-TOWNHOUSE-Hotel-1024x683.jpg 1024w, https:\/\/www.hotelmabi.nl\/wp-content\/uploads\/2026\/02\/Vivacious-Spa-Maastricht-TOWNHOUSE-Hotel-300x200.jpg 300w, https:\/\/www.hotelmabi.nl\/wp-content\/uploads\/2026\/02\/Vivacious-Spa-Maastricht-TOWNHOUSE-Hotel-768x513.jpg 768w, https:\/\/www.hotelmabi.nl\/wp-content\/uploads\/2026\/02\/Vivacious-Spa-Maastricht-TOWNHOUSE-Hotel.jpg 1500w\" sizes=\"(max-width: 1020px) 100vw, 1020px\" \/>\t\t\t\t\t\t\n\t\t\t\t\t<\/div>\n\t\t\t\t\t\t\t\t\n<style>\n#image_1003873433 {\n  width: 100%;\n}\n<\/style>\n\t<\/div>\n\t\n\t<div class=\"img has-hover x md-x lg-x y md-y lg-y\" id=\"image_85348276\">\n\t\t\t\t\t\t\t\t<div class=\"img-inner image-cover dark\" style=\"padding-top:75%;\">\n\t\t\t<img decoding=\"async\" width=\"800\" height=\"534\" src=\"https:\/\/www.hotelmabi.nl\/wp-content\/uploads\/2026\/02\/Vivacious-Eco-city-spa-maastricht-entrance.jpg\" class=\"attachment-large size-large\" alt=\"\" srcset=\"https:\/\/www.hotelmabi.nl\/wp-content\/uploads\/2026\/02\/Vivacious-Eco-city-spa-maastricht-entrance.jpg 800w, https:\/\/www.hotelmabi.nl\/wp-content\/uploads\/2026\/02\/Vivacious-Eco-city-spa-maastricht-entrance-300x200.jpg 300w, https:\/\/www.hotelmabi.nl\/wp-content\/uploads\/2026\/02\/Vivacious-Eco-city-spa-maastricht-entrance-768x513.jpg 768w\" sizes=\"(max-width: 800px) 100vw, 800px\" \/>\t\t\t\t\t\t\n\t\t\t\t\t<\/div>\n\t\t\t\t\t\t\t\t\n<style>\n#image_85348276 {\n  width: 100%;\n}\n<\/style>\n\t<\/div>\n\t\n     <\/div>\n\n     <div class=\"loading-spin dark large centered\"><\/div>\n\n\t<\/div>\n\n\n\t\t<\/div>\n\t\t\t\t\t<\/div>\n\n\t\n<\/div>\n\t\t<\/div>\n\n\t\t\n<style>\n#section_1741434303 {\n  padding-top: 20px;\n  padding-bottom: 20px;\n}\n@media (min-width:550px) {\n  #section_1741434303 {\n    padding-top: 50px;\n    padding-bottom: 50px;\n  }\n}\n<\/style>\n\t<\/section>\n\t\n\n\t<section class=\"section\" id=\"section_2079154553\">\n\t\t<div class=\"section-bg fill\" >\n\t\t\t\t\t\t\t\t\t\n\t\t\t\n\n\t\t<\/div>\n\n\t\t\n\n\t\t<div class=\"section-content relative\">\n\t\t\t\n\n<div class=\"row\"  id=\"row-1837414527\">\n\n\n\t<div id=\"col-1061378014\" class=\"col small-12 large-12\"  >\n\t\t\t\t<div class=\"col-inner\"  >\n\t\t\t\n\t\t\t\n\n<div class=\"container section-title-container\" ><h3 class=\"section-title section-title-center\"><b aria-hidden=\"true\"><\/b><span class=\"section-title-main\" >Standort<\/span><b aria-hidden=\"true\"><\/b><\/h3><\/div>\n\n\n\t\t<\/div>\n\t\t\t\t\t<\/div>\n\n\t\n\n<\/div>\n<div class=\"row align-center\"  id=\"row-134786950\">\n\n\n\t<div id=\"col-1368187309\" class=\"col medium-11 small-12 large-10\"  >\n\t\t\t\t<div class=\"col-inner\"  >\n\t\t\t\n\t\t\t\n\n\t<div id=\"text-3242580818\" class=\"text\">\n\t\t\n\n<p><strong>Hotel nahe am Markt Maastricht<\/strong><\/p>\n\t\t\n<style>\n#text-3242580818 {\n  font-size: 1.8rem;\n  text-align: center;\n  color: rgb(104, 42, 57);\n}\n#text-3242580818 > * {\n  color: rgb(104, 42, 57);\n}\n<\/style>\n\t<\/div>\n\t\n<div class=\"row row-large\"  id=\"row-214654297\">\n\n\n\t<div id=\"col-985359799\" class=\"col medium-7 small-12 large-7\"  >\n\t\t\t\t<div class=\"col-inner\"  >\n\t\t\t\n\t\t\t\n\n<p>Das <a href=\"\/\">Mabi<\/a> Hotel Centrum liegt im Boschstraatkwartier, einem sch\u00f6nen Viertel mitten im gem\u00fctlichen, historischen <a href=\"https:\/\/www.hotelmabi.nl\/de\/luxurioses-design-hotel-maastricht\/\">Zentrum von Maastrich<\/a>t. In unmittelbarer N\u00e4he befinden sich der Markt sowie die Einkaufszentren Mosae Forum und Entre Deux. In nur f\u00fcnf Minuten sind Sie zu Fu\u00df <a href=\"https:\/\/www.hotelmabi.nl\/vrijthof-maastricht\/\">am Vrijthof<\/a> oder Onze Lieve Vrouweplein. Der Hauptbahnhof von Maastricht ist etwa 15 Minuten zu Fu\u00df entfernt.<\/p>\n\t<div id=\"text-980318889\" class=\"text\">\n\t\t\n\n<p><a href=\"https:\/\/www.hotelmabi.nl\/de\/standort\/\">Location &amp; Directions<\/a><\/p>\n\t\t\n<style>\n#text-980318889 {\n  text-align: center;\n}\n<\/style>\n\t<\/div>\n\t\n\n\t\t<\/div>\n\t\t\t\t\n<style>\n#col-985359799 > .col-inner {\n  margin: 0px 0px 0px 10px;\n}\n@media (min-width:550px) {\n  #col-985359799 > .col-inner {\n    margin: 0px 0px 0px 20px;\n  }\n}\n<\/style>\n\t<\/div>\n\n\t\n\n\t<div id=\"col-1011020595\" class=\"col medium-5 small-12 large-5\"  >\n\t\t\t\t<div class=\"col-inner\"  >\n\t\t\t\n\t\t\t\n\n<ul>\n<li>Markt - 100 m<\/li>\n<li>'t Bassin - 400 m<\/li>\n<li>Sint Servaasbrug - 600 m<\/li>\n<li>Vrijthof - 700 m<\/li>\n<li>Onze Lieve Vrouweplein - 700 m<\/li>\n<\/ul>\n\n\t\t<\/div>\n\t\t\t\t\t<\/div>\n\n\t\n\n<\/div>\n\n\t\t<\/div>\n\t\t\t\t\t<\/div>\n\n\t\n\n<\/div>\n\n\t\t<\/div>\n\n\t\t\n<style>\n#section_2079154553 {\n  padding-top: 30px;\n  padding-bottom: 30px;\n}\n<\/style>\n\t<\/section>\n\t\n","protected":false},"excerpt":{"rendered":"","protected":false},"author":9,"featured_media":5155,"parent":0,"menu_order":0,"comment_status":"closed","ping_status":"closed","template":"page-blank.php","meta":{"footnotes":""},"class_list":["post-5161","page","type-page","status-publish","has-post-thumbnail","hentry"],"_links":{"self":[{"href":"https:\/\/www.hotelmabi.nl\/de\/wp-json\/wp\/v2\/pages\/5161","targetHints":{"allow":["GET"]}}],"collection":[{"href":"https:\/\/www.hotelmabi.nl\/de\/wp-json\/wp\/v2\/pages"}],"about":[{"href":"https:\/\/www.hotelmabi.nl\/de\/wp-json\/wp\/v2\/types\/page"}],"author":[{"embeddable":true,"href":"https:\/\/www.hotelmabi.nl\/de\/wp-json\/wp\/v2\/users\/9"}],"replies":[{"embeddable":true,"href":"https:\/\/www.hotelmabi.nl\/de\/wp-json\/wp\/v2\/comments?post=5161"}],"version-history":[{"count":0,"href":"https:\/\/www.hotelmabi.nl\/de\/wp-json\/wp\/v2\/pages\/5161\/revisions"}],"wp:featuredmedia":[{"embeddable":true,"href":"https:\/\/www.hotelmabi.nl\/de\/wp-json\/wp\/v2\/media\/5155"}],"wp:attachment":[{"href":"https:\/\/www.hotelmabi.nl\/de\/wp-json\/wp\/v2\/media?parent=5161"}],"curies":[{"name":"wp","href":"https:\/\/api.w.org\/{rel}","templated":true}]}}