{"id":5123,"date":"2025-11-06T13:20:04","date_gmt":"2025-11-06T12:20:04","guid":{"rendered":"https:\/\/www.hotelmabi.nl\/faqs\/"},"modified":"2025-11-06T13:21:47","modified_gmt":"2025-11-06T12:21:47","slug":"faqs","status":"publish","type":"page","link":"https:\/\/www.hotelmabi.nl\/de\/faqs\/","title":{"rendered":"Frequently Asked Questions"},"content":{"rendered":"\n\t<section class=\"section faqs\" id=\"section_123061598\">\n\t\t<div class=\"section-bg fill\" >\n\t\t\t\t\t\t\t\t\t\n\t\t\t\n\n\t\t<\/div>\n\n\t\t\n\n\t\t<div class=\"section-content relative\">\n\t\t\t\n<div class=\"row\"  id=\"row-2100571567\">\n\n\t<div id=\"col-125918350\" class=\"col small-12 large-12\"  >\n\t\t\t\t<div class=\"col-inner text-left\"  >\n\t\t\t\n\t\t\t\n<span class=\"scroll-to\" data-label=\"Scroll to: #faqs\" data-bullet=\"false\" data-link=\"#faqs\" data-title=\"faqs\"><a name=\"faqs\"><\/a><\/span>\n<div class=\"container section-title-container\" ><h1 class=\"section-title section-title-center\"><b aria-hidden=\"true\"><\/b><span class=\"section-title-main\" >H\u00e4ufig gestellte Fragen<\/span><b aria-hidden=\"true\"><\/b><\/h1><\/div>\n<div class=\"row align-center\"  id=\"row-1929690293\">\n\n\t<div id=\"col-524071472\" class=\"col medium-8 small-12 large-8\"  >\n\t\t\t\t<div class=\"col-inner text-left\"  >\n\t\t\t\n\t\t\t\n<div class=\"accordion\">\n\t<div id=\"accordion-1336165603\" class=\"accordion-item\">\n\t\t<a id=\"accordion-1336165603-label\" class=\"accordion-title plain\" href=\"#accordion-item-welche-services-bietet-das-hotel-mabi-an?\" aria-expanded=\"false\" aria-controls=\"accordion-1336165603-content\">\n\t\t\t<button class=\"toggle\" aria-label=\"Umschalten\"><i class=\"icon-angle-down\" aria-hidden=\"true\"><\/i><\/button>\n\t\t\t<span>Welche Services bietet das Hotel Mabi an?<\/span>\n\t\t<\/a>\n\t\t<div id=\"accordion-1336165603-content\" class=\"accordion-inner\" aria-labelledby=\"accordion-1336165603-label\">\n\t\t\t\n<p>Das Hotel Mabi Maastricht bietet wichtige <strong><a href=\"https:\/\/www.hotelmabi.nl\/de\/einrichtungen\/\">Annehmlichkeiten<\/a><\/strong> f\u00fcr einen au\u00dfergew\u00f6hnlichen Aufenthalt, darunter unser <strong>privates Kino <a href=\"https:\/\/www.hotelmabi.nl\/de\/kino\/\">Cinema Plush &amp; Bubblegum<\/a><\/strong>, <strong><a href=\"https:\/\/www.hotelmabi.nl\/de\/essen-trinken\/bar-twisted\/\">Bar Twisted<\/a><\/strong> <strong>mit t\u00e4glich einer kostenlosen Wein-Stunde, eine 24\/7-Rezeption und Self-Check-in<\/strong>. Genie\u00dfen Sie <strong>kostenloses WLAN, klimatisierte Zimmer, Gep\u00e4ckaufbewahrung<\/strong>, W\u00e4scheservice und ein leckeres Fr\u00fchst\u00fcck im <strong><a href=\"https:\/\/www.hotelmabi.nl\/de\/essen-trinken\/fruehstueck\/\">Little Cannes<\/a><\/strong>. <\/p>\n\t\t<\/div>\n\t<\/div>\n\t\n\t<div id=\"accordion-4242236615\" class=\"accordion-item\">\n\t\t<a id=\"accordion-4242236615-label\" class=\"accordion-title plain\" href=\"#accordion-item-welche-unterkunftsarten-bietet-das-hotel-mabi?\" aria-expanded=\"false\" aria-controls=\"accordion-4242236615-content\">\n\t\t\t<button class=\"toggle\" aria-label=\"Umschalten\"><i class=\"icon-angle-down\" aria-hidden=\"true\"><\/i><\/button>\n\t\t\t<span>Welche Unterkunftsarten bietet das Hotel Mabi?<\/span>\n\t\t<\/a>\n\t\t<div id=\"accordion-4242236615-content\" class=\"accordion-inner\" aria-labelledby=\"accordion-4242236615-label\">\n\t\t\t\n<p>Das Hotel Mabi bietet eine Auswahl an <strong><a href=\"https:\/\/www.hotelmabi.nl\/de\/zimmer\/\">luxuri\u00f6sen Boutique-Hotelzimmern<\/a><\/strong>. und Studios. G\u00e4ste k\u00f6nnen aus verschiedenen Optionen w\u00e4hlen, darunter Doppelzimmer, Twin-Zimmer und King-Size-Zimmer wie das <g id=\"gid_2\">Basic Double, Imagine King<\/g> und <g id=\"gid_3\">Plush King<\/g>. F\u00fcr Familien oder Gruppen gibt es <g id=\"gid_4\">Dreibett- und Familienzimmer<\/g>, evenals <g id=\"gid_5\">ger\u00e4umige Studios<\/g> mit Wohnbereichen. Alle Unterk\u00fcnfte sind mit modernen Annehmlichkeiten f\u00fcr einen komfortablen Aufenthalt ausgestattet.   <\/p>\n\t\t<\/div>\n\t<\/div>\n\t\n\t<div id=\"accordion-1489736170\" class=\"accordion-item\">\n\t\t<a id=\"accordion-1489736170-label\" class=\"accordion-title plain\" href=\"#accordion-item-wo-befindet-sich-das-hotel-mabi?\" aria-expanded=\"false\" aria-controls=\"accordion-1489736170-content\">\n\t\t\t<button class=\"toggle\" aria-label=\"Umschalten\"><i class=\"icon-angle-down\" aria-hidden=\"true\"><\/i><\/button>\n\t\t\t<span>Wo befindet sich das Hotel Mabi?<\/span>\n\t\t<\/a>\n\t\t<div id=\"accordion-1489736170-content\" class=\"accordion-inner\" aria-labelledby=\"accordion-1489736170-label\">\n\t\t\t\n<p>Das Hotel Mabi <strong><a href=\"https:\/\/www.hotelmabi.nl\/de\/standort\/\">liegt zentra<\/a><\/strong> im <strong>historischen Zentrum von Maastricht<\/strong> im wundersch\u00f6nen ehemaligen Mabi-Kinogeb\u00e4ude in der Kleine Gracht 24, im Boschstraatviertel. Wir sind nur 5 Gehminuten vom <strong>Vrijthof<\/strong> und dem <strong>Onze Lieve Vrouweplein<\/strong>, entfernt und etwa 15 Gehminuten vom Hauptbahnhof Maastricht. <\/p>\n\t\t<\/div>\n\t<\/div>\n\t\n\t<div id=\"accordion-2201502775\" class=\"accordion-item\">\n\t\t<a id=\"accordion-2201502775-label\" class=\"accordion-title plain\" href=\"#accordion-item-verf\u00fcgt-das-hotel-\u00fcber-parkm\u00f6glichkeiten?\" aria-expanded=\"false\" aria-controls=\"accordion-2201502775-content\">\n\t\t\t<button class=\"toggle\" aria-label=\"Umschalten\"><i class=\"icon-angle-down\" aria-hidden=\"true\"><\/i><\/button>\n\t\t\t<span>Verf\u00fcgt das Hotel \u00fcber Parkm\u00f6glichkeiten?<\/span>\n\t\t<\/a>\n\t\t<div id=\"accordion-2201502775-content\" class=\"accordion-inner\" aria-labelledby=\"accordion-2201502775-label\">\n\t\t\t\n<p>Das Hotel Mabi verf\u00fcgt \u00fcber keine eigenen Parkpl\u00e4tze vor Ort. Wir bieten jedoch die M\u00f6glichkeit, erm\u00e4\u00dfigte Parkpl\u00e4tze in nahegelegenen <g id=\"gid_0\">Q-Park-Garagen<\/g> wie Q-Park Bassin oder Q-Park De Griend zu reservieren, die g\u00fcnstig gelegen sind. Weitere Informationen und Reservierungen finden Sie auf unserer <strong><a href=\"https:\/\/www.hotelmabi.nl\/de\/parken\/\">Parkseite<\/a><\/strong>.  <\/p>\n\t\t<\/div>\n\t<\/div>\n\t\n\t<div id=\"accordion-3590983514\" class=\"accordion-item\">\n\t\t<a id=\"accordion-3590983514-label\" class=\"accordion-title plain\" href=\"#accordion-item-wann-kann-ich-im-hotel-mabi-einchecken-und-auschecken?\" aria-expanded=\"false\" aria-controls=\"accordion-3590983514-content\">\n\t\t\t<button class=\"toggle\" aria-label=\"Umschalten\"><i class=\"icon-angle-down\" aria-hidden=\"true\"><\/i><\/button>\n\t\t\t<span>Wann kann ich im Hotel Mabi einchecken und auschecken?<\/span>\n\t\t<\/a>\n\t\t<div id=\"accordion-3590983514-content\" class=\"accordion-inner\" aria-labelledby=\"accordion-3590983514-label\">\n\t\t\t\n<p>Der <strong>Check in ist ab 15:00 Uhr<\/strong> m\u00f6glich, der <strong>Check out muss bis sp\u00e4testens 11:00 Uhr<\/strong> erfolgen. F\u00fcr Ihren Komfort bieten wir auch Express Check in und Check out Services an. <\/p>\n\t\t<\/div>\n\t<\/div>\n\t\n\t<div id=\"accordion-3227785091\" class=\"accordion-item\">\n\t\t<a id=\"accordion-3227785091-label\" class=\"accordion-title plain\" href=\"#accordion-item-verf\u00fcgt-das-hotel-\u00fcber-ein-restaurant-oder-eine-bar?\" aria-expanded=\"false\" aria-controls=\"accordion-3227785091-content\">\n\t\t\t<button class=\"toggle\" aria-label=\"Umschalten\"><i class=\"icon-angle-down\" aria-hidden=\"true\"><\/i><\/button>\n\t\t\t<span>Verf\u00fcgt das Hotel \u00fcber ein Restaurant oder eine Bar?<\/span>\n\t\t<\/a>\n\t\t<div id=\"accordion-3227785091-content\" class=\"accordion-inner\" aria-labelledby=\"accordion-3227785091-label\">\n\t\t\t\n<p>Das Hotel Mabi <strong>betreibt kein vollwertiges Restaurant<\/strong> f\u00fcr Mittag- oder Abendessen. Wir legen den Fokus auf ein <g id=\"gid_1\">uitgebreid<\/g> <g id=\"gid_2\">Fr\u00fchst\u00fcck<\/g>, das werktags von <g id=\"gid_3\">7:00 bis10:00 Uhr und an Wochenenden sowie Feiertagen von 8:00 bis 11:00 Uhr<\/g> serviert wird. Leichte Mahlzeiten und Erfrischungen gibt es bei <strong><a href=\"https:\/\/www.hotelmabi.nl\/de\/essen-trinken\/fruehstueck\/\">Little Cannes<\/a><\/strong> und eine besondere Abendstimmung an der <strong><a href=\"https:\/\/www.hotelmabi.nl\/de\/essen-trinken\/bar-twisted\/\">Bar Twisted<\/a><\/strong>.  <\/p>\n\t\t<\/div>\n\t<\/div>\n\t\n\t<div id=\"accordion-2024646480\" class=\"accordion-item\">\n\t\t<a id=\"accordion-2024646480-label\" class=\"accordion-title plain\" href=\"#accordion-item-was-macht-das-hotel-mabi-besonders?\" aria-expanded=\"false\" aria-controls=\"accordion-2024646480-content\">\n\t\t\t<button class=\"toggle\" aria-label=\"Umschalten\"><i class=\"icon-angle-down\" aria-hidden=\"true\"><\/i><\/button>\n\t\t\t<span>Was macht das Hotel Mabi besonders?<\/span>\n\t\t<\/a>\n\t\t<div id=\"accordion-2024646480-content\" class=\"accordion-inner\" aria-labelledby=\"accordion-2024646480-label\">\n\t\t\t\n<p>Das Hotel Mabi bietet ein besonderes Erlebnis als luxuri\u00f6ses Boutique-Hotel mit 55 Zimmern, das sein filmisches Erbe bewahrt. Wir verf\u00fcgen \u00fcber ein <g id=\"gid_0\"><g id=\"gid_1\">privates Kino<\/g><\/g>, in dem Sie Ihren Film ausw\u00e4hlen k\u00f6nnen, sowie \u00fcber die elegante <g id=\"gid_2\"><g id=\"gid_3\">Bar Twisted<\/g><\/g>. Unser Engagement f\u00fcr pers\u00f6nlichen Service und unsere zentrale Lage im Herzen von Maastricht sorgen f\u00fcr einen einzigartigen und unvergesslichen Aufenthalt.  <\/p>\n\t\t<\/div>\n\t<\/div>\n\t\n<\/div>\n\t\t<\/div>\n\t\t\t\t\t<\/div>\n\n\t\n\n<\/div>\n\t\t<\/div>\n\t\t\t\t\t<\/div>\n\n\t\n<\/div>\n\t\t<\/div>\n\n\t\t\n<style>\n#section_123061598 {\n  padding-top: 30px;\n  padding-bottom: 30px;\n}\n<\/style>\n\t<\/section>\n\t\n","protected":false},"excerpt":{"rendered":"","protected":false},"author":9,"featured_media":0,"parent":0,"menu_order":0,"comment_status":"closed","ping_status":"closed","template":"","meta":{"footnotes":""},"class_list":["post-5123","page","type-page","status-publish","hentry"],"_links":{"self":[{"href":"https:\/\/www.hotelmabi.nl\/de\/wp-json\/wp\/v2\/pages\/5123","targetHints":{"allow":["GET"]}}],"collection":[{"href":"https:\/\/www.hotelmabi.nl\/de\/wp-json\/wp\/v2\/pages"}],"about":[{"href":"https:\/\/www.hotelmabi.nl\/de\/wp-json\/wp\/v2\/types\/page"}],"author":[{"embeddable":true,"href":"https:\/\/www.hotelmabi.nl\/de\/wp-json\/wp\/v2\/users\/9"}],"replies":[{"embeddable":true,"href":"https:\/\/www.hotelmabi.nl\/de\/wp-json\/wp\/v2\/comments?post=5123"}],"version-history":[{"count":0,"href":"https:\/\/www.hotelmabi.nl\/de\/wp-json\/wp\/v2\/pages\/5123\/revisions"}],"wp:attachment":[{"href":"https:\/\/www.hotelmabi.nl\/de\/wp-json\/wp\/v2\/media?parent=5123"}],"curies":[{"name":"wp","href":"https:\/\/api.w.org\/{rel}","templated":true}]}}