{"id":5048,"date":"2025-05-26T13:33:47","date_gmt":"2025-05-26T11:33:47","guid":{"rendered":"https:\/\/www.hotelmabi.nl\/nachhaltiges-hotel-maastricht\/"},"modified":"2025-10-15T16:35:16","modified_gmt":"2025-10-15T14:35:16","slug":"nachhaltiges-hotel-maastricht","status":"publish","type":"page","link":"https:\/\/www.hotelmabi.nl\/de\/nachhaltiges-hotel-maastricht\/","title":{"rendered":"Nachhaltiges Boutique-Hotel in Maastricht"},"content":{"rendered":"\n\t<section class=\"section\" id=\"section_1233156848\">\n\t\t<div class=\"section-bg fill\" >\n\t\t\t<img decoding=\"async\" width=\"2386\" height=\"1591\" src=\"https:\/\/www.hotelmabi.nl\/wp-content\/uploads\/2023\/03\/Citytrip-Maastricht-MAB-01.webp\" class=\"bg attachment- size-\" alt=\"Citytrip Maastricht Hotel\" \/>\t\t\t\t\t\t<div class=\"section-bg-overlay absolute fill\"><\/div>\n\t\t\t\n\n\t\t<\/div>\n\n\t\t\n\n\t\t<div class=\"section-content relative\">\n\t\t\t\n<div class=\"row align-center\"  id=\"row-1702326827\">\n\n\t<div id=\"col-1575243555\" class=\"col medium-6 small-12 large-6\"  >\n\t\t\t\t<div class=\"col-inner\"  >\n\t\t\t\n\t\t\t\n\t<div id=\"text-1038557359\" class=\"text\">\n\t\t\n<h1>Nachhaltiges Boutique-Hotel in Maastricht<\/h1>\n\t\t\n<style>\n#text-1038557359 {\n  font-size: 1.1rem;\n  text-align: center;\n  color: rgb(255,255,255);\n}\n#text-1038557359 > * {\n  color: rgb(255,255,255);\n}\n@media (min-width:550px) {\n  #text-1038557359 {\n    font-size: 1.55rem;\n  }\n}\n<\/style>\n\t<\/div>\n\t\n\t<div id=\"text-2645515777\" class=\"text\">\n\t\t\n<p>Stilvoll und verantwortungsbewusst \u00fcbernachten? Im Hotel Mabi in Maastricht genie\u00dfen Sie einen nachhaltigen Aufenthalt mit Charakter und Charme. Entdecken Sie, wie Kunst und Nachhaltigkeit zusammenfinden.  <\/p>\n\t\t\n<style>\n#text-2645515777 {\n  font-size: 1rem;\n  text-align: center;\n  color: rgb(255,255,255);\n}\n#text-2645515777 > * {\n  color: rgb(255,255,255);\n}\n<\/style>\n\t<\/div>\n\t\n\t\t<\/div>\n\t\t\t\t\t<\/div>\n\n\t\n<\/div>\n\t\t<\/div>\n\n\t\t\n<style>\n#section_1233156848 {\n  padding-top: 30px;\n  padding-bottom: 30px;\n  min-height: 400px;\n}\n#section_1233156848 .section-bg-overlay {\n  background-color: rgba(0, 0, 0, 0.651);\n}\n#section_1233156848 .section-bg img {\n  object-position: 50% 47%;\n}\n<\/style>\n\t<\/section>\n\t\n\n\t<section class=\"section thlinks\" id=\"section_562484350\">\n\t\t<div class=\"section-bg fill\" >\n\t\t\t\t\t\t\t\t\t\n\t\t\t\n\n\t\t<\/div>\n\n\t\t\n\n\t\t<div class=\"section-content relative\">\n\t\t\t\n\t<div id=\"gap-717604141\" class=\"gap-element clearfix\" style=\"display:block; height:auto;\">\n\t\t\n<style>\n#gap-717604141 {\n  padding-top: 0px;\n}\n@media (min-width:550px) {\n  #gap-717604141 {\n    padding-top: 30px;\n  }\n}\n<\/style>\n\t<\/div>\n\t\n<div class=\"row row-large align-middle\"  id=\"row-184110592\">\n\n\t<div id=\"col-1759550770\" class=\"col medium-6 small-12 large-6\"  >\n\t\t\t\t<div class=\"col-inner text-center\"  >\n\t\t\t\n\t\t\t\n\t<div class=\"img has-hover x md-x lg-x y md-y lg-y\" id=\"image_2051357583\">\n\t\t\t\t\t\t\t\t<div class=\"img-inner image-cover dark\" style=\"padding-top:80%;\">\n\t\t\t<img decoding=\"async\" width=\"1020\" height=\"764\" src=\"https:\/\/www.hotelmabi.nl\/wp-content\/uploads\/2023\/09\/Room-Twisted-King-MABI-CITY-CENTRE-HOTEL-1024x767.webp\" class=\"attachment-large size-large\" alt=\"\" srcset=\"https:\/\/www.hotelmabi.nl\/wp-content\/uploads\/2023\/09\/Room-Twisted-King-MABI-CITY-CENTRE-HOTEL-1024x767.webp 1024w, https:\/\/www.hotelmabi.nl\/wp-content\/uploads\/2023\/09\/Room-Twisted-King-MABI-CITY-CENTRE-HOTEL-300x225.webp 300w, https:\/\/www.hotelmabi.nl\/wp-content\/uploads\/2023\/09\/Room-Twisted-King-MABI-CITY-CENTRE-HOTEL-768x575.webp 768w, https:\/\/www.hotelmabi.nl\/wp-content\/uploads\/2023\/09\/Room-Twisted-King-MABI-CITY-CENTRE-HOTEL.webp 1500w\" sizes=\"(max-width: 1020px) 100vw, 1020px\" \/>\t\t\t\t\t\t\n\t\t\t\t\t<\/div>\n\t\t\t\t\t\t\t\t\n<style>\n#image_2051357583 {\n  width: 100%;\n}\n@media (min-width:550px) {\n  #image_2051357583 {\n    width: 98%;\n  }\n}\n<\/style>\n\t<\/div>\n\t\n\t\t<\/div>\n\t\t\t\t\n<style>\n#col-1759550770 > .col-inner {\n  padding: 0px 0px 0px 0px;\n  margin: 0px 0px 0px 0px;\n}\n<\/style>\n\t<\/div>\n\n\t\n\n\t<div id=\"col-2106195432\" class=\"col medium-5 small-12 large-5 small-col-first\"  >\n\t\t\t\t<div class=\"col-inner text-left\"  >\n\t\t\t\n\t\t\t\n\t<div id=\"text-662924362\" class=\"text\">\n\t\t\n<h2>Bewusste entscheidungen, stilvolles wohnen<\/h2>\n\t\t\n<style>\n#text-662924362 {\n  font-size: 1.4rem;\n  color: rgb(0,0,0);\n}\n#text-662924362 > * {\n  color: rgb(0,0,0);\n}\n@media (min-width:550px) {\n  #text-662924362 {\n    font-size: 2rem;\n  }\n}\n<\/style>\n\t<\/div>\n\t\n\t<div id=\"gap-824793178\" class=\"gap-element clearfix\" style=\"display:block; height:auto;\">\n\t\t\n<style>\n#gap-824793178 {\n  padding-top: 10px;\n}\n<\/style>\n\t<\/div>\n\t\n<p>Im Mabi City Centre Hotel geschieht nichts ohne Grund. Was auf den ersten Blick k\u00fcnstlerisch oder unkonventionell erscheint, ist oft auch klug und nachhaltig. Wir glauben, dass Sch\u00f6nheit und Verantwortung Hand in Hand gehen. Deshalb treffen wir Entscheidungen, die sowohl \u00e4sthetisch ansprechend als auch ethisch vertretbar sind. Nachhaltigkeit ist kein Nebengedanke \u2013 sie ist ein integraler Bestandteil unserer Philosophie und Arbeitsweise.    <\/p>\n\t\t<\/div>\n\t\t\t\t\n<style>\n#col-2106195432 > .col-inner {\n  margin: 20px 0px 0px 0px;\n}\n<\/style>\n\t<\/div>\n\n\t\n\n<style>\n#row-184110592 > .col > .col-inner {\n  padding: 20px 0px 0px 0px;\n}\n<\/style>\n<\/div>\n\t<div id=\"gap-720301190\" class=\"gap-element clearfix\" style=\"display:block; height:auto;\">\n\t\t\n<style>\n#gap-720301190 {\n  padding-top: 0px;\n}\n@media (min-width:550px) {\n  #gap-720301190 {\n    padding-top: 30px;\n  }\n}\n<\/style>\n\t<\/div>\n\t\n\t\t<\/div>\n\n\t\t\n<style>\n#section_562484350 {\n  padding-top: 0px;\n  padding-bottom: 0px;\n}\n@media (min-width:550px) {\n  #section_562484350 {\n    padding-top: 0px;\n    padding-bottom: 0px;\n  }\n}\n<\/style>\n\t<\/section>\n\t\n\n\t<section class=\"section thlinks\" id=\"section_768627197\">\n\t\t<div class=\"section-bg fill\" >\n\t\t\t\t\t\t\t\t\t\n\t\t\t\n\n\t\t<\/div>\n\n\t\t\n\n\t\t<div class=\"section-content relative\">\n\t\t\t\n<div class=\"row row-large align-middle align-center\"  id=\"row-26446199\">\n\n\t<div id=\"col-1919314188\" class=\"col medium-6 small-12 large-6\"  >\n\t\t\t\t<div class=\"col-inner text-left\"  >\n\t\t\t\n\t\t\t\n\t<div id=\"text-232922426\" class=\"text\">\n\t\t\n<h2>Unsere nachhaltigkeitsphilosophie<\/h2>\n\t\t\n<style>\n#text-232922426 {\n  font-size: 0.95rem;\n  color: rgb(0,0,0);\n}\n#text-232922426 > * {\n  color: rgb(0,0,0);\n}\n@media (min-width:550px) {\n  #text-232922426 {\n    font-size: 2rem;\n  }\n}\n<\/style>\n\t<\/div>\n\t\n\t<div id=\"gap-1233930974\" class=\"gap-element clearfix\" style=\"display:block; height:auto;\">\n\t\t\n<style>\n#gap-1233930974 {\n  padding-top: 10px;\n}\n<\/style>\n\t<\/div>\n\t\n<p>Als Vier-Sterne-Boutique-Hotel im Herzen von Maastricht streben wir danach, einen Aufenthalt zu bieten, der sowohl \u00e4sthetisch als auch ethisch \u00fcberzeugt. Unsere Philosophie basiert auf drei Kernprinzipien: <\/p>\n<ul>\n<li>Dienstleistungen anzubieten, die die Erwartungen der G\u00e4ste erf\u00fcllen und \u00fcbertreffen.<\/li>\n<li>Den Betrieb so zu f\u00fchren, dass die Umwelt gesch\u00fctzt und die Sicherheit sowie Gesundheit unserer Mitarbeiter, G\u00e4ste, Lieferanten und der \u00d6ffentlichkeit gew\u00e4hrleistet wird.<\/li>\n<li>Einen sozialen Beitrag f\u00fcr Mensch und Gesellschaft zu leisten.<\/li>\n<\/ul>\n\t\t<\/div>\n\t\t\t\t\t<\/div>\n\n\t\n\n\t<div id=\"col-701379247\" class=\"col medium-6 small-12 large-6\"  >\n\t\t\t\t<div class=\"col-inner text-center\"  >\n\t\t\t\n\t\t\t\n\t<div class=\"img has-hover x md-x lg-x y md-y lg-y\" id=\"image_1327206071\">\n\t\t\t\t\t\t\t\t<div class=\"img-inner image-cover dark\" style=\"padding-top:80%;\">\n\t\t\t<img decoding=\"async\" width=\"900\" height=\"600\" src=\"https:\/\/www.hotelmabi.nl\/wp-content\/uploads\/2025\/05\/Duurzaam-hotel-in-Maastricht-Sustainability-Mabi.webp\" class=\"attachment-large size-large\" alt=\"Duurzaam hotel in Maastricht Sustainability Mabi\" srcset=\"https:\/\/www.hotelmabi.nl\/wp-content\/uploads\/2025\/05\/Duurzaam-hotel-in-Maastricht-Sustainability-Mabi.webp 900w, https:\/\/www.hotelmabi.nl\/wp-content\/uploads\/2025\/05\/Duurzaam-hotel-in-Maastricht-Sustainability-Mabi-300x200.webp 300w, https:\/\/www.hotelmabi.nl\/wp-content\/uploads\/2025\/05\/Duurzaam-hotel-in-Maastricht-Sustainability-Mabi-768x512.webp 768w\" sizes=\"(max-width: 900px) 100vw, 900px\" \/>\t\t\t\t\t\t\n\t\t\t\t\t<\/div>\n\t\t\t\t\t\t\t\t\n<style>\n#image_1327206071 {\n  width: 100%;\n}\n@media (min-width:550px) {\n  #image_1327206071 {\n    width: 100%;\n  }\n}\n<\/style>\n\t<\/div>\n\t\n\t\t<\/div>\n\t\t\t\t\t<\/div>\n\n\t\n\n<style>\n#row-26446199 > .col > .col-inner {\n  padding: 20px 0px 0px 0px;\n}\n<\/style>\n<\/div>\n\t<div id=\"gap-1365094112\" class=\"gap-element clearfix\" style=\"display:block; height:auto;\">\n\t\t\n<style>\n#gap-1365094112 {\n  padding-top: 0px;\n}\n@media (min-width:550px) {\n  #gap-1365094112 {\n    padding-top: 30px;\n  }\n}\n<\/style>\n\t<\/div>\n\t\n\t\t<\/div>\n\n\t\t\n<style>\n#section_768627197 {\n  padding-top: 0px;\n  padding-bottom: 0px;\n}\n@media (min-width:550px) {\n  #section_768627197 {\n    padding-top: 0px;\n    padding-bottom: 0px;\n  }\n}\n<\/style>\n\t<\/section>\n\t\n\n\t<section class=\"section thlinks\" id=\"section_152794325\">\n\t\t<div class=\"section-bg fill\" >\n\t\t\t\t\t\t\t\t\t\n\t\t\t\n\n\t\t<\/div>\n\n\t\t\n\n\t\t<div class=\"section-content relative\">\n\t\t\t\n<div class=\"row row-large align-middle align-center\"  id=\"row-1516700615\">\n\n\t<div id=\"col-881520907\" class=\"col medium-11 small-12 large-11\"  >\n\t\t\t\t<div class=\"col-inner text-left\"  >\n\t\t\t\n\t\t\t\n\t<div id=\"text-2117470902\" class=\"text\">\n\t\t\n<h2>Kleine entscheidungen, gro\u00dfe wirkung<\/h2>\n\t\t\n<style>\n#text-2117470902 {\n  font-size: 1.4rem;\n  color: rgb(0,0,0);\n}\n#text-2117470902 > * {\n  color: rgb(0,0,0);\n}\n@media (min-width:550px) {\n  #text-2117470902 {\n    font-size: 2.35rem;\n  }\n}\n<\/style>\n\t<\/div>\n\t\n\t<div id=\"gap-833636114\" class=\"gap-element clearfix\" style=\"display:block; height:auto;\">\n\t\t\n<style>\n#gap-833636114 {\n  padding-top: 10px;\n}\n<\/style>\n\t<\/div>\n\t\n<p>Nachhaltiges Leben im Hotel Mabi zeigt sich in den Details. Vielleicht f\u00e4llt es Ihnen nicht sofort auf, aber Sie werden es w\u00e4hrend Ihres Aufenthalts sp\u00fcren \u2013 bewusst, stilvoll und logisch.   <\/p>\n<ul>\n<li>Wir arbeiten mit lokalen Partnern und Lieferanten zusammen, die unsere Werte teilen: Qualit\u00e4t, Verantwortung und eine langfristige Vision.<\/li>\n<li>Unser Fr\u00fchst\u00fcck ist frisch, saisonal und nahezu frei von Einwegverpackungen.<\/li>\n<li>Alle Abfallstr\u00f6me werden sorgf\u00e4ltig getrennt und recycelt. <\/li>\n<li>Unsere Hotelartikel stammen von <a href=\"https:\/\/www.wellmark.nl\/en\/about-us\/our-story\/\" target=\"_blank\" rel=\"noopener\">Wellmark<\/a>, einer Marke, die Nachhaltigkeit hochh\u00e4lt.<\/li>\n<li>Wir nutzen Self-Check-in- und Check-out-Kioske, um Papier zu sparen.<\/li>\n<li>Die Zimmer sind mit Energiesparsystemen ausgestattet: Strom wird nur mit Ihrer Schl\u00fcsselkarte aktiviert, um unn\u00f6tigen Energieverbrauch zu vermeiden, wenn Sie nicht im Zimmer sind. <\/li>\n<li>Wir verf\u00fcgen \u00fcber zirkul\u00e4re <a href=\"https:\/\/www.auping.com\/nl\/over-auping\/duurzaamheid\" target=\"_blank\" rel=\"noopener\">Auping <\/a>-Betten und -Matratzen, das nachhaltigste Matratzenunternehmen der Niederlande.<\/li>\n<li>Wir ermutigen Sie, beim Duschen und Z\u00e4hneputzen bewusst mit Wasser umzugehen, um gemeinsam einen Beitrag zum Umweltschutz zu leisten.<\/li>\n<li>Hotelinformationen stellen wir online zur Verf\u00fcgung und ersetzen damit traditionelle Papierverzeichnisse.<\/li>\n<li>Es gibt keine Telefone in den Zimmern \u2013 so reduzieren wir die Produktion neuer Ger\u00e4te; wir sind \u00fcber WhatsApp erreichbar.<\/li>\n<li>Das Mabi City Centre Hotel liegt nur wenige Gehminuten vom Bahnhof Maastricht entfernt, was nachhaltiges Reisen zur Selbstverst\u00e4ndlichkeit macht. <\/li>\n<\/ul>\n\t\t<\/div>\n\t\t\t\t\t<\/div>\n\n\t\n\n<style>\n#row-1516700615 > .col > .col-inner {\n  padding: 20px 0px 0px 0px;\n}\n<\/style>\n<\/div>\n\t<div id=\"gap-2066734177\" class=\"gap-element clearfix\" style=\"display:block; height:auto;\">\n\t\t\n<style>\n#gap-2066734177 {\n  padding-top: 0px;\n}\n@media (min-width:550px) {\n  #gap-2066734177 {\n    padding-top: 30px;\n  }\n}\n<\/style>\n\t<\/div>\n\t\n\t\t<\/div>\n\n\t\t\n<style>\n#section_152794325 {\n  padding-top: 0px;\n  padding-bottom: 0px;\n}\n@media (min-width:550px) {\n  #section_152794325 {\n    padding-top: 0px;\n    padding-bottom: 0px;\n  }\n}\n<\/style>\n\t<\/section>\n\t\n\n\t<section class=\"section thlinks\" id=\"section_349092210\">\n\t\t<div class=\"section-bg fill\" >\n\t\t\t\t\t\t\t\t\t\n\t\t\t\n\n\t\t<\/div>\n\n\t\t\n\n\t\t<div class=\"section-content relative\">\n\t\t\t\n<div class=\"row row-large align-middle\"  id=\"row-1945739552\">\n\n\t<div id=\"col-123083174\" class=\"col medium-6 small-12 large-6 small-col-first\"  >\n\t\t\t\t<div class=\"col-inner text-center\"  >\n\t\t\t\n\t\t\t\n\t<div class=\"img has-hover x md-x lg-x y md-y lg-y\" id=\"image_812587433\">\n\t\t\t\t\t\t\t\t<div class=\"img-inner image-cover dark\" style=\"padding-top:100%;\">\n\t\t\t<img decoding=\"async\" width=\"1000\" height=\"667\" src=\"https:\/\/www.hotelmabi.nl\/wp-content\/uploads\/2025\/05\/Sustainability-MAB-03.jpg\" class=\"attachment-large size-large\" alt=\"Duurzaam hotel in Maastricht Sustainability Mabi\" srcset=\"https:\/\/www.hotelmabi.nl\/wp-content\/uploads\/2025\/05\/Sustainability-MAB-03.jpg 1000w, https:\/\/www.hotelmabi.nl\/wp-content\/uploads\/2025\/05\/Sustainability-MAB-03-300x200.jpg 300w, https:\/\/www.hotelmabi.nl\/wp-content\/uploads\/2025\/05\/Sustainability-MAB-03-768x512.jpg 768w\" sizes=\"(max-width: 1000px) 100vw, 1000px\" \/>\t\t\t\t\t\t\n\t\t\t\t\t<\/div>\n\t\t\t\t\t\t\t\t\n<style>\n#image_812587433 {\n  width: 100%;\n}\n@media (min-width:550px) {\n  #image_812587433 {\n    width: 89%;\n  }\n}\n<\/style>\n\t<\/div>\n\t\n\t\t<\/div>\n\t\t\t\t\t<\/div>\n\n\t\n\n\t<div id=\"col-429155582\" class=\"col medium-5 small-12 large-5\"  >\n\t\t\t\t<div class=\"col-inner text-left\"  >\n\t\t\t\n\t\t\t\n\t<div id=\"text-1178831198\" class=\"text\">\n\t\t\n<h3>Hotels for Trees<\/h3>\n\t\t\n<style>\n#text-1178831198 {\n  font-size: 1.5rem;\n  line-height: 1.15;\n  color: rgb(0,0,0);\n}\n#text-1178831198 > * {\n  color: rgb(0,0,0);\n}\n@media (min-width:550px) {\n  #text-1178831198 {\n    font-size: 2.05rem;\n  }\n}\n<\/style>\n\t<\/div>\n\t\n\t<div id=\"gap-319577822\" class=\"gap-element clearfix\" style=\"display:block; height:auto;\">\n\t\t\n<style>\n#gap-319577822 {\n  padding-top: 10px;\n}\n<\/style>\n\t<\/div>\n\t\n<p>In Zusammenarbeit mit der Stiftung <a href=\"https:\/\/hotelsfortrees.com\/nl\/wie-hoe\/\" target=\"_blank\" rel=\"noopener\">Hotels for Trees<\/a>bieten wir Ihnen eine einfache, sichtbare M\u00f6glichkeit, zu einer gr\u00fcneren Welt beizutragen. Wenn Sie w\u00e4hrend Ihres Aufenthalts auf die Zimmerreinigung verzichten, pflanzen wir in Ihrem Namen einen Baum. <\/p>\n<p>F\u00fcr jede ausgelassene Reinigung wird direkt in neue Anpflanzungen investiert, sowohl lokal als auch international. Hotels for Trees arbeitet hierf\u00fcr mit Trees for All zusammen, einer anerkannten Organisation mit nachhaltiger Wirkung. <\/p>\n\t\t<\/div>\n\t\t\t\t\t<\/div>\n\n\t\n\n<style>\n#row-1945739552 > .col > .col-inner {\n  padding: 20px 0px 0px 0px;\n}\n<\/style>\n<\/div>\n\t\t<\/div>\n\n\t\t\n<style>\n#section_349092210 {\n  padding-top: 0px;\n  padding-bottom: 0px;\n}\n@media (min-width:550px) {\n  #section_349092210 {\n    padding-top: 0px;\n    padding-bottom: 0px;\n  }\n}\n<\/style>\n\t<\/section>\n\t\n\n\t<section class=\"section\" id=\"section_1882293153\">\n\t\t<div class=\"section-bg fill\" >\n\t\t\t\t\t\t\t\t\t\n\t\t\t\n\n\t\t<\/div>\n\n\t\t\n\n\t\t<div class=\"section-content relative\">\n\t\t\t\n<div class=\"row\"  id=\"row-878028995\">\n\n\t<div id=\"col-2038237286\" class=\"col small-12 large-12\"  >\n\t\t\t\t<div class=\"col-inner text-center\"  >\n\t\t\t\n\t\t\t\n\t<div id=\"gap-721974089\" class=\"gap-element clearfix\" style=\"display:block; height:auto;\">\n\t\t\n<style>\n#gap-721974089 {\n  padding-top: 0px;\n}\n@media (min-width:550px) {\n  #gap-721974089 {\n    padding-top: 30px;\n  }\n}\n<\/style>\n\t<\/div>\n\t\n\t<div id=\"text-362989026\" class=\"text\">\n\t\t\n<h2>Unsere nachhaltigen partners<\/h2>\n\t\t\n<style>\n#text-362989026 {\n  font-size: 1.7rem;\n  text-align: center;\n}\n<\/style>\n\t<\/div>\n\t\n<div class=\"row\"  id=\"row-1529951175\">\n\n\t<div id=\"col-1740331612\" class=\"col medium-7 small-12 large-7\"  >\n\t\t\t\t<div class=\"col-inner\"  >\n\t\t\t\n\t\t\t\n\t<div id=\"text-2598070940\" class=\"text\">\n\t\t\n<p>Wir glauben an Partnerschaften mit Marken, die \u00fcber den Moment hinausblicken. Unsere Partner verbinden \u00c4sthetik mit Nachhaltigkeit und helfen uns, Ihren Aufenthalt au\u00dfergew\u00f6hnlich zu gestalten \u2013 stilvoll, bewusst und durchdacht. <\/p>\n\t\t\n<style>\n#text-2598070940 {\n  text-align: center;\n}\n<\/style>\n\t<\/div>\n\t\n\t<div id=\"stack-3297400751\" class=\"stack stack-row justify-start items-stretch sm:stack-row\">\n\t\t\n\t<div class=\"img has-hover x md-x lg-x y md-y lg-y\" id=\"image_1321490611\">\n\t\t<a class=\"\" href=\"https:\/\/www.auping.com\/nl\" target=\"_blank\" rel=\"noopener\">\t\t\t\t\t\t<div class=\"img-inner image-fade-out dark\" >\n\t\t\t<img decoding=\"async\" width=\"500\" height=\"500\" src=\"https:\/\/www.hotelmabi.nl\/wp-content\/uploads\/2025\/05\/Duurzaam-overnachten-in-Nederland-Sustainability-auping.webp\" class=\"attachment-large size-large\" alt=\"\" srcset=\"https:\/\/www.hotelmabi.nl\/wp-content\/uploads\/2025\/05\/Duurzaam-overnachten-in-Nederland-Sustainability-auping.webp 500w, https:\/\/www.hotelmabi.nl\/wp-content\/uploads\/2025\/05\/Duurzaam-overnachten-in-Nederland-Sustainability-auping-300x300.webp 300w, https:\/\/www.hotelmabi.nl\/wp-content\/uploads\/2025\/05\/Duurzaam-overnachten-in-Nederland-Sustainability-auping-150x150.webp 150w\" sizes=\"(max-width: 500px) 100vw, 500px\" \/>\t\t\t\t\t\t\n\t\t\t\t\t<\/div>\n\t\t\t\t\t\t<\/a>\t\t\n<style>\n#image_1321490611 {\n  width: 100%;\n}\n<\/style>\n\t<\/div>\n\t\n\t<div class=\"img has-hover x md-x lg-x y md-y lg-y\" id=\"image_120085013\">\n\t\t<a class=\"\" href=\"https:\/\/www.wellmark.nl\/nl\/\" target=\"_blank\" rel=\"noopener\">\t\t\t\t\t\t<div class=\"img-inner image-fade-out dark\" >\n\t\t\t<img decoding=\"async\" width=\"500\" height=\"500\" src=\"https:\/\/www.hotelmabi.nl\/wp-content\/uploads\/2025\/05\/Duurzaam-overnachten-in-Nederland-Sustainability-wellmark.webp\" class=\"attachment-large size-large\" alt=\"\" srcset=\"https:\/\/www.hotelmabi.nl\/wp-content\/uploads\/2025\/05\/Duurzaam-overnachten-in-Nederland-Sustainability-wellmark.webp 500w, https:\/\/www.hotelmabi.nl\/wp-content\/uploads\/2025\/05\/Duurzaam-overnachten-in-Nederland-Sustainability-wellmark-300x300.webp 300w, https:\/\/www.hotelmabi.nl\/wp-content\/uploads\/2025\/05\/Duurzaam-overnachten-in-Nederland-Sustainability-wellmark-150x150.webp 150w\" sizes=\"(max-width: 500px) 100vw, 500px\" \/>\t\t\t\t\t\t\n\t\t\t\t\t<\/div>\n\t\t\t\t\t\t<\/a>\t\t\n<style>\n#image_120085013 {\n  width: 100%;\n}\n<\/style>\n\t<\/div>\n\t\n\t<div class=\"img has-hover x md-x lg-x y md-y lg-y\" id=\"image_1941190142\">\n\t\t<a class=\"\" href=\"https:\/\/hotelsfortrees.com\/nl\/\" target=\"_blank\" rel=\"noopener\">\t\t\t\t\t\t<div class=\"img-inner image-fade-out dark\" >\n\t\t\t<img decoding=\"async\" width=\"500\" height=\"500\" src=\"https:\/\/www.hotelmabi.nl\/wp-content\/uploads\/2025\/05\/Duurzaam-overnachten-in-Nederland-Sustainability-hotels-for-trees.webp\" class=\"attachment-large size-large\" alt=\"\" srcset=\"https:\/\/www.hotelmabi.nl\/wp-content\/uploads\/2025\/05\/Duurzaam-overnachten-in-Nederland-Sustainability-hotels-for-trees.webp 500w, https:\/\/www.hotelmabi.nl\/wp-content\/uploads\/2025\/05\/Duurzaam-overnachten-in-Nederland-Sustainability-hotels-for-trees-300x300.webp 300w, https:\/\/www.hotelmabi.nl\/wp-content\/uploads\/2025\/05\/Duurzaam-overnachten-in-Nederland-Sustainability-hotels-for-trees-150x150.webp 150w\" sizes=\"(max-width: 500px) 100vw, 500px\" \/>\t\t\t\t\t\t\n\t\t\t\t\t<\/div>\n\t\t\t\t\t\t<\/a>\t\t\n<style>\n#image_1941190142 {\n  width: 100%;\n}\n<\/style>\n\t<\/div>\n\t\n\t\t\n<style>\n#stack-3297400751 > * {\n  --stack-gap: 0.75rem;\n}\n@media (min-width:550px) {\n  #stack-3297400751 > * {\n    --stack-gap: 3.25rem;\n  }\n}\n<\/style>\n\t<\/div>\n\t\n\t<div id=\"stack-4199477066\" class=\"stack stack-row justify-start items-stretch sm:stack-row\">\n\t\t\n\t<div class=\"img has-hover x md-x lg-x y md-y lg-y\" id=\"image_250766354\">\n\t\t<a class=\"\" href=\"https:\/\/www.dripdrop.io\/\" target=\"_blank\" rel=\"noopener\">\t\t\t\t\t\t<div class=\"img-inner image-fade-out dark\" >\n\t\t\t<img decoding=\"async\" width=\"500\" height=\"500\" src=\"https:\/\/www.hotelmabi.nl\/wp-content\/uploads\/2025\/05\/Duurzaam-overnachten-in-Nederland-Sustainability-drip-drop.webp\" class=\"attachment-large size-large\" alt=\"\" srcset=\"https:\/\/www.hotelmabi.nl\/wp-content\/uploads\/2025\/05\/Duurzaam-overnachten-in-Nederland-Sustainability-drip-drop.webp 500w, https:\/\/www.hotelmabi.nl\/wp-content\/uploads\/2025\/05\/Duurzaam-overnachten-in-Nederland-Sustainability-drip-drop-300x300.webp 300w, https:\/\/www.hotelmabi.nl\/wp-content\/uploads\/2025\/05\/Duurzaam-overnachten-in-Nederland-Sustainability-drip-drop-150x150.webp 150w\" sizes=\"(max-width: 500px) 100vw, 500px\" \/>\t\t\t\t\t\t\n\t\t\t\t\t<\/div>\n\t\t\t\t\t\t<\/a>\t\t\n<style>\n#image_250766354 {\n  width: 100%;\n}\n<\/style>\n\t<\/div>\n\t\n\t<div class=\"img has-hover x md-x lg-x y md-y lg-y\" id=\"image_1906635117\">\n\t\t<a class=\"\" href=\"https:\/\/www.moyeecoffee.com\/\" target=\"_blank\" rel=\"noopener\">\t\t\t\t\t\t<div class=\"img-inner image-fade-out dark\" >\n\t\t\t<img decoding=\"async\" width=\"500\" height=\"500\" src=\"https:\/\/www.hotelmabi.nl\/wp-content\/uploads\/2025\/05\/Duurzaam-overnachten-in-Nederland-Sustainability-moyee.webp\" class=\"attachment-large size-large\" alt=\"\" srcset=\"https:\/\/www.hotelmabi.nl\/wp-content\/uploads\/2025\/05\/Duurzaam-overnachten-in-Nederland-Sustainability-moyee.webp 500w, https:\/\/www.hotelmabi.nl\/wp-content\/uploads\/2025\/05\/Duurzaam-overnachten-in-Nederland-Sustainability-moyee-300x300.webp 300w, https:\/\/www.hotelmabi.nl\/wp-content\/uploads\/2025\/05\/Duurzaam-overnachten-in-Nederland-Sustainability-moyee-150x150.webp 150w\" sizes=\"(max-width: 500px) 100vw, 500px\" \/>\t\t\t\t\t\t\n\t\t\t\t\t<\/div>\n\t\t\t\t\t\t<\/a>\t\t\n<style>\n#image_1906635117 {\n  width: 100%;\n}\n<\/style>\n\t<\/div>\n\t\n\t<div class=\"img has-hover x md-x lg-x y md-y lg-y\" id=\"image_807678821\">\n\t\t<a class=\"\" href=\"https:\/\/myhotelbike.com\/\" target=\"_blank\" rel=\"noopener\">\t\t\t\t\t\t<div class=\"img-inner image-fade-out dark\" >\n\t\t\t<img decoding=\"async\" width=\"500\" height=\"500\" src=\"https:\/\/www.hotelmabi.nl\/wp-content\/uploads\/2025\/05\/Duurzaam-overnachten-in-Nederland-Sustainability-my-hotel-bikes.webp\" class=\"attachment-large size-large\" alt=\"\" srcset=\"https:\/\/www.hotelmabi.nl\/wp-content\/uploads\/2025\/05\/Duurzaam-overnachten-in-Nederland-Sustainability-my-hotel-bikes.webp 500w, https:\/\/www.hotelmabi.nl\/wp-content\/uploads\/2025\/05\/Duurzaam-overnachten-in-Nederland-Sustainability-my-hotel-bikes-300x300.webp 300w, https:\/\/www.hotelmabi.nl\/wp-content\/uploads\/2025\/05\/Duurzaam-overnachten-in-Nederland-Sustainability-my-hotel-bikes-150x150.webp 150w\" sizes=\"(max-width: 500px) 100vw, 500px\" \/>\t\t\t\t\t\t\n\t\t\t\t\t<\/div>\n\t\t\t\t\t\t<\/a>\t\t\n<style>\n#image_807678821 {\n  width: 100%;\n}\n<\/style>\n\t<\/div>\n\t\n\t<div class=\"img has-hover x md-x lg-x y md-y lg-y\" id=\"image_1509956699\">\n\t\t<a class=\"\" href=\"https:\/\/hotelpartner.cleaning\/\" target=\"_blank\" rel=\"noopener\">\t\t\t\t\t\t<div class=\"img-inner image-fade-out dark\" >\n\t\t\t<img decoding=\"async\" width=\"500\" height=\"500\" src=\"https:\/\/www.hotelmabi.nl\/wp-content\/uploads\/2025\/05\/Duurzaam-overnachten-in-Nederland-Sustainability-hotelpartners.webp\" class=\"attachment-large size-large\" alt=\"\" srcset=\"https:\/\/www.hotelmabi.nl\/wp-content\/uploads\/2025\/05\/Duurzaam-overnachten-in-Nederland-Sustainability-hotelpartners.webp 500w, https:\/\/www.hotelmabi.nl\/wp-content\/uploads\/2025\/05\/Duurzaam-overnachten-in-Nederland-Sustainability-hotelpartners-300x300.webp 300w, https:\/\/www.hotelmabi.nl\/wp-content\/uploads\/2025\/05\/Duurzaam-overnachten-in-Nederland-Sustainability-hotelpartners-150x150.webp 150w\" sizes=\"(max-width: 500px) 100vw, 500px\" \/>\t\t\t\t\t\t\n\t\t\t\t\t<\/div>\n\t\t\t\t\t\t<\/a>\t\t\n<style>\n#image_1509956699 {\n  width: 100%;\n}\n<\/style>\n\t<\/div>\n\t\n\t\t\n<style>\n#stack-4199477066 > * {\n  --stack-gap: 0.75rem;\n}\n@media (min-width:550px) {\n  #stack-4199477066 > * {\n    --stack-gap: 3.25rem;\n  }\n}\n<\/style>\n\t<\/div>\n\t\n\t\t<\/div>\n\t\t\t\t\t<\/div>\n\n\t\n<\/div>\n\t\t<\/div>\n\t\t\t\t\t<\/div>\n\n\t\n<\/div>\n\t\t<\/div>\n\n\t\t\n<style>\n#section_1882293153 {\n  padding-top: 0px;\n  padding-bottom: 0px;\n}\n<\/style>\n\t<\/section>\n\t\n","protected":false},"excerpt":{"rendered":"","protected":false},"author":9,"featured_media":5044,"parent":0,"menu_order":0,"comment_status":"closed","ping_status":"closed","template":"","meta":{"footnotes":""},"class_list":["post-5048","page","type-page","status-publish","has-post-thumbnail","hentry"],"_links":{"self":[{"href":"https:\/\/www.hotelmabi.nl\/de\/wp-json\/wp\/v2\/pages\/5048","targetHints":{"allow":["GET"]}}],"collection":[{"href":"https:\/\/www.hotelmabi.nl\/de\/wp-json\/wp\/v2\/pages"}],"about":[{"href":"https:\/\/www.hotelmabi.nl\/de\/wp-json\/wp\/v2\/types\/page"}],"author":[{"embeddable":true,"href":"https:\/\/www.hotelmabi.nl\/de\/wp-json\/wp\/v2\/users\/9"}],"replies":[{"embeddable":true,"href":"https:\/\/www.hotelmabi.nl\/de\/wp-json\/wp\/v2\/comments?post=5048"}],"version-history":[{"count":0,"href":"https:\/\/www.hotelmabi.nl\/de\/wp-json\/wp\/v2\/pages\/5048\/revisions"}],"wp:featuredmedia":[{"embeddable":true,"href":"https:\/\/www.hotelmabi.nl\/de\/wp-json\/wp\/v2\/media\/5044"}],"wp:attachment":[{"href":"https:\/\/www.hotelmabi.nl\/de\/wp-json\/wp\/v2\/media?parent=5048"}],"curies":[{"name":"wp","href":"https:\/\/api.w.org\/{rel}","templated":true}]}}