{"id":4103,"date":"2023-03-02T18:01:17","date_gmt":"2023-03-02T17:01:17","guid":{"rendered":"https:\/\/mabi1.wpengine.com\/veranstaltungen\/"},"modified":"2025-08-12T15:35:30","modified_gmt":"2025-08-12T13:35:30","slug":"veranstaltungen","status":"publish","type":"page","link":"https:\/\/www.hotelmabi.nl\/de\/veranstaltungen\/","title":{"rendered":"Veranstaltungen"},"content":{"rendered":"\n\t<section class=\"section\" id=\"section_618844232\">\n\t\t<div class=\"section-bg fill\" >\n\t\t\t<img decoding=\"async\" width=\"1500\" height=\"1124\" src=\"https:\/\/www.hotelmabi.nl\/wp-content\/uploads\/2023\/02\/mabi-hotel-lobby-reception-1-1.webp\" class=\"bg attachment-original size-original\" alt=\"mabi hotel lobby reception\" \/>\t\t\t\t\t\t<div class=\"section-bg-overlay absolute fill\"><\/div>\n\t\t\t\n\n\t\t<\/div>\n\n\t\t\n\n\t\t<div class=\"section-content relative\">\n\t\t\t\n<div class=\"row\"  id=\"row-221000351\">\n\n\t<div id=\"col-193816592\" class=\"col small-12 large-12\"  >\n\t\t\t\t<div class=\"col-inner text-shadow-4\"  >\n\t\t\t\n\t\t\t\n\t<div id=\"text-3780206602\" class=\"text\">\n\t\t\n<h1>Tagungsr\u00e4ume im Mabi City Centre Hotel<\/h1>\n\t\t\n<style>\n#text-3780206602 {\n  text-align: center;\n  color: rgb(255,255,255);\n}\n#text-3780206602 > * {\n  color: rgb(255,255,255);\n}\n<\/style>\n\t<\/div>\n\t\n\t\t<\/div>\n\t\t\t\t\t<\/div>\n\n\t\n<\/div>\n\t\t<\/div>\n\n\t\t\n<style>\n#section_618844232 {\n  padding-top: 0px;\n  padding-bottom: 0px;\n  min-height: 300px;\n}\n#section_618844232 .section-bg-overlay {\n  background-color: rgba(0, 0, 0, 0.4);\n}\n#section_618844232 .section-bg img {\n  object-position: 52% 46%;\n}\n@media (min-width:850px) {\n  #section_618844232 .section-bg-overlay {\n    background-color: rgba(0, 0, 0, 0.4);\n  }\n}\n<\/style>\n\t<\/section>\n\t\n\n\t<section class=\"section\" id=\"section_490282507\">\n\t\t<div class=\"section-bg fill\" >\n\t\t\t\t\t\t\t\t\t\n\t\t\t\n\n\t\t<\/div>\n\n\t\t\n\n\t\t<div class=\"section-content relative\">\n\t\t\t\n<div class=\"row\"  id=\"row-376016292\">\n\n\t<div id=\"col-35823243\" class=\"col small-12 large-12\"  >\n\t\t\t\t<div class=\"col-inner\"  >\n\t\t\t\n\t\t\t\n\t<div id=\"gap-2137230985\" class=\"gap-element clearfix\" style=\"display:block; height:auto;\">\n\t\t\n<style>\n#gap-2137230985 {\n  padding-top: 30px;\n}\n<\/style>\n\t<\/div>\n\t\n\t<div id=\"text-2626082366\" class=\"text\">\n\t\t\n<p>Geschichten werden im Mabi City Centre Hotel zum Leben erweckt. Wir ermutigen Sie, Ihr eigenes Drehbuch zu schreiben, das vor einer schicken, flamboyanten Art-Deco-Dekoration der 1920er Jahre mit zeitgen\u00f6ssischem Design spielt. Ein Drehbuch, in dem Ihre festliche Feier, die Einf\u00fchrung eines neuen Produkts, ein Gesch\u00e4ftstreffen oder eine Pr\u00e4sentation \u00fcber neue Pl\u00e4ne im Mittelpunkt stehen. Gemeinsam mit Ihnen schaffen wir Ihre eigene Erfahrung, unterst\u00fctzt durch beispiellose Vorstellungskraft, pers\u00f6nlichen Service und luxuri\u00f6se Einrichtungen.<\/p>\n\t\t\n<style>\n#text-2626082366 {\n  text-align: center;\n}\n<\/style>\n\t<\/div>\n\t\n\t\t<\/div>\n\t\t\t\t\t<\/div>\n\n\t\n<\/div>\n\t\t<\/div>\n\n\t\t\n<style>\n#section_490282507 {\n  padding-top: 30px;\n  padding-bottom: 30px;\n}\n<\/style>\n\t<\/section>\n\t\n\n\t<section class=\"section\" id=\"section_2046583896\">\n\t\t<div class=\"section-bg fill\" >\n\t\t\t\t\t\t\t\t\t\n\t\t\t\n\n\t\t<\/div>\n\n\t\t\n\n\t\t<div class=\"section-content relative\">\n\t\t\t\n<div class=\"row align-center\"  id=\"row-425009944\">\n\n\t<div id=\"col-1661077345\" class=\"col medium-6 small-12 large-4\"  >\n\t\t\t\t<div class=\"col-inner\"  >\n\t\t\t\n\t\t\t\n<blockquote>\n<p><strong>Das Mabi City Centre Hotel eignet sich ideal f\u00fcr:<\/strong><\/p>\n<\/blockquote>\n<ul>\n<li><i class=\"fa-regular fa-cup-togo\"><\/i> Fr\u00fchst\u00fcckstreffen<\/li>\n<li><i class=\"fa-light fa-party-horn\"><\/i> Private Feier<\/li>\n<li><i class=\"fa-regular fa-handshake\"><\/i> Besprechungen<\/li>\n<li><i class=\"fa-light fa-calendar-users\"><\/i> Ein Drink<\/li>\n<li><i class=\"fa-regular fa-person-chalkboard\"><\/i> Pr\u00e4sentationen<\/li>\n<li><i class=\"fa-light fa-champagne-glasses\"><\/i> (Festliche) Drinks<\/li>\n<li><i class=\"fa-regular fa-brain-circuit\"><\/i> Brainstorming-Sitzungen<\/li>\n<li><i class=\"fa-regular fa-screen-users\"><\/i> Workshops<\/li>\n<\/ul>\n\t\t<\/div>\n\t\t\t\t\t<\/div>\n\n\t\n\n\t<div id=\"col-1057973194\" class=\"col medium-6 small-12 large-4\"  >\n\t\t\t\t<div class=\"col-inner\"  >\n\t\t\t\n\t\t\t\n<blockquote>\n<p><strong>Alle unsere Einrichtungen<\/strong><\/p>\n<\/blockquote>\n<p><i class=\"fa-regular fa-screencast\"><\/i> Pr\u00e4sentationsbildschirm<\/p>\n<p><i class=\"fa-regular fa-chalkboard\"><\/i> Flipchart<\/p>\n<p><i class=\"fa-regular fa-wifi\"><\/i> Kostenloses WLAN<\/p>\n<p><i class=\"fa-regular fa-clipboard\"><\/i> Notizblock und Stift<\/p>\n<p><i class=\"fa-regular fa-tablet-rugged\"><\/i> Besprechungstisch<\/p>\n<p><i class=\"fa-regular fa-mug-hot\"><\/i> Kaffee-\/Tee-Einrichtungen<\/p>\n\t\t<\/div>\n\t\t\t\t\t<\/div>\n\n\t\n<\/div>\n\t\t<\/div>\n\n\t\t\n<style>\n#section_2046583896 {\n  padding-top: 30px;\n  padding-bottom: 30px;\n}\n<\/style>\n\t<\/section>\n\t\n\n\t<section class=\"section\" id=\"section_1831410663\">\n\t\t<div class=\"section-bg fill\" >\n\t\t\t\t\t\t\t\t\t\n\t\t\t\n\n\t\t<\/div>\n\n\t\t\n\n\t\t<div class=\"section-content relative\">\n\t\t\t\n<div class=\"row row-collapse align-middle align-center\"  id=\"row-1988951910\">\n\n\t<div id=\"col-1545900638\" class=\"col medium-10 small-12 large-6\"  >\n\t\t\t\t<div class=\"col-inner box-shadow-2\"  >\n\t\t\t\n\t\t\t\n\t<div id=\"text-1392228552\" class=\"text\">\n\t\t\n<h2>Little Cannes<\/h2>\n\t\t\n<style>\n#text-1392228552 {\n  text-align: center;\n}\n<\/style>\n\t<\/div>\n\t\n<div class=\"text-center\"><div class=\"is-divider divider clearfix\" ><\/div><\/div>\n\t<div id=\"text-3514608008\" class=\"text\">\n\t\t\n<p>Little Cannes ist ein multifunktionaler Raum mit allen gew\u00fcnschten Einrichtungen f\u00fcr Ihre Gesch\u00e4ftsveranstaltung, Produktpr\u00e4sentation, Brainstorming-Sitzung oder private Feier. Das schicke Interieur aus Marmor, goldenen Details, Designst\u00fchlen von Kartell und Palmen gl\u00e4nzt Ihnen entgegen und ist vollst\u00e4ndig flexibel einsetzbar. In dieser Hinsicht schaffen Sie Ihre eigene Erfahrung und wir helfen Ihnen dabei, eine fantastische Besprechung einzurichten.<\/p>\n\t\t\n<style>\n#text-3514608008 {\n  text-align: center;\n}\n<\/style>\n\t<\/div>\n\t\n\t<div id=\"text-872028342\" class=\"text\">\n\t\t\n<h3>Verf\u00fcgbarkeit<\/h3>\n<p>St\u00fcndlich oder ganzt\u00e4gig. Little Cannes ist ab 9 Uhr nur bei Buchung von mindestens 30 Hotelzimmern verf\u00fcgbar.<\/p>\n\t\t\n<style>\n#text-872028342 {\n  text-align: center;\n}\n<\/style>\n\t<\/div>\n\t\n\t\t<\/div>\n\t\t\t\t\n<style>\n#col-1545900638 > .col-inner {\n  padding: 50px 50px 50px 50px;\n}\n<\/style>\n\t<\/div>\n\n\t\n\n\t<div id=\"col-1033298175\" class=\"col medium-11 small-12 large-6\"  >\n\t\t\t\t<div class=\"col-inner\"  >\n\t\t\t\n\t\t\t\n\t<div class=\"img has-hover x md-x lg-x y md-y lg-y\" id=\"image_1425591787\">\n\t\t\t\t\t\t\t\t<div class=\"img-inner box-shadow-2 dark\" >\n\t\t\t<img decoding=\"async\" width=\"1198\" height=\"800\" src=\"https:\/\/www.hotelmabi.nl\/wp-content\/uploads\/2023\/03\/Mabi-breakfast-Little-Cannes-lifestyle.jpg\" class=\"attachment-original size-original\" alt=\"\" srcset=\"https:\/\/www.hotelmabi.nl\/wp-content\/uploads\/2023\/03\/Mabi-breakfast-Little-Cannes-lifestyle.jpg 1198w, https:\/\/www.hotelmabi.nl\/wp-content\/uploads\/2023\/03\/Mabi-breakfast-Little-Cannes-lifestyle-300x200.jpg 300w, https:\/\/www.hotelmabi.nl\/wp-content\/uploads\/2023\/03\/Mabi-breakfast-Little-Cannes-lifestyle-768x513.jpg 768w, https:\/\/www.hotelmabi.nl\/wp-content\/uploads\/2023\/03\/Mabi-breakfast-Little-Cannes-lifestyle-1024x684.jpg 1024w\" sizes=\"(max-width: 1198px) 100vw, 1198px\" \/>\t\t\t\t\t\t\n\t\t\t\t\t<\/div>\n\t\t\t\t\t\t\t\t\n<style>\n#image_1425591787 {\n  width: 100%;\n}\n<\/style>\n\t<\/div>\n\t\n\t\t<\/div>\n\t\t\t\t\t<\/div>\n\n\t\n<\/div>\n\t\t<\/div>\n\n\t\t\n<style>\n#section_1831410663 {\n  padding-top: 30px;\n  padding-bottom: 30px;\n}\n<\/style>\n\t<\/section>\n\t\n\n\t<section class=\"section\" id=\"section_429693763\">\n\t\t<div class=\"section-bg fill\" >\n\t\t\t\t\t\t\t\t\t\n\t\t\t\n\n\t\t<\/div>\n\n\t\t\n\n\t\t<div class=\"section-content relative\">\n\t\t\t\n<div class=\"row row-collapse align-middle align-center\"  id=\"row-1111763944\">\n\n\t<div id=\"col-994001377\" class=\"col medium-10 small-12 large-6\"  >\n\t\t\t\t<div class=\"col-inner box-shadow-2\"  >\n\t\t\t\n\t\t\t\n\t<div id=\"text-837067493\" class=\"text\">\n\t\t\n<h2>Bar Twisted<\/h2>\n\t\t\n<style>\n#text-837067493 {\n  text-align: center;\n}\n<\/style>\n\t<\/div>\n\t\n<div class=\"text-center\"><div class=\"is-divider divider clearfix\" ><\/div><\/div>\n\t<div id=\"text-1303643278\" class=\"text\">\n\t\t\n<p>Die Hotelbar ist der ideale Ort f\u00fcr ein informelles Treffen in kleinerer Runde. Bar Twisted ist der Treffpunkt des Hotels, an dem Sie sich an der Bar entspannen und einen Drink genie\u00dfen k\u00f6nnen. Oder m\u00f6chten Sie in kleinerer Runde am Lesetisch sprechen? Abends k\u00f6nnen Sie hier Ihr Treffen mit einem guten Glas Wein oder Whisky kombinieren.<\/p>\n\t\t\n<style>\n#text-1303643278 {\n  text-align: center;\n}\n<\/style>\n\t<\/div>\n\t\n\t<div id=\"text-1752043627\" class=\"text\">\n\t\t\n<h3>Verf\u00fcgbarkeit<\/h3>\n<p>T\u00e4glich von 8 bis 23 Uhr Bar Twisted sind stunden- oder tageweise verf\u00fcgbar. Halbtags oder ganztags? Beides ist m\u00f6glich. Abweichende Zeiten nach Absprache.<\/p>\n\t\t\n<style>\n#text-1752043627 {\n  text-align: center;\n}\n<\/style>\n\t<\/div>\n\t\n\t\t<\/div>\n\t\t\t\t\n<style>\n#col-994001377 > .col-inner {\n  padding: 50px 50px 50px 50px;\n}\n<\/style>\n\t<\/div>\n\n\t\n\n\t<div id=\"col-1394937799\" class=\"col medium-11 small-12 large-6\"  >\n\t\t\t\t<div class=\"col-inner\"  >\n\t\t\t\n\t\t\t\n\t<div class=\"img has-hover x md-x lg-x y md-y lg-y\" id=\"image_541228262\">\n\t\t\t\t\t\t\t\t<div class=\"img-inner box-shadow-2 dark\" >\n\t\t\t<img decoding=\"async\" width=\"1198\" height=\"800\" src=\"https:\/\/www.hotelmabi.nl\/wp-content\/uploads\/2023\/02\/Mabi-choosing-breakfast-Mabi-City-Centre-Hotel-Maastricht-1.webp\" class=\"attachment-original size-original\" alt=\"\" srcset=\"https:\/\/www.hotelmabi.nl\/wp-content\/uploads\/2023\/02\/Mabi-choosing-breakfast-Mabi-City-Centre-Hotel-Maastricht-1.webp 1198w, https:\/\/www.hotelmabi.nl\/wp-content\/uploads\/2023\/02\/Mabi-choosing-breakfast-Mabi-City-Centre-Hotel-Maastricht-1-300x200.webp 300w, https:\/\/www.hotelmabi.nl\/wp-content\/uploads\/2023\/02\/Mabi-choosing-breakfast-Mabi-City-Centre-Hotel-Maastricht-1-768x513.webp 768w, https:\/\/www.hotelmabi.nl\/wp-content\/uploads\/2023\/02\/Mabi-choosing-breakfast-Mabi-City-Centre-Hotel-Maastricht-1-1024x684.webp 1024w\" sizes=\"(max-width: 1198px) 100vw, 1198px\" \/>\t\t\t\t\t\t\n\t\t\t\t\t<\/div>\n\t\t\t\t\t\t\t\t\n<style>\n#image_541228262 {\n  width: 100%;\n}\n<\/style>\n\t<\/div>\n\t\n\t\t<\/div>\n\t\t\t\t\t<\/div>\n\n\t\n<\/div>\n\t\t<\/div>\n\n\t\t\n<style>\n#section_429693763 {\n  padding-top: 30px;\n  padding-bottom: 30px;\n}\n<\/style>\n\t<\/section>\n\t\n\n\t<section class=\"section\" id=\"section_368627714\">\n\t\t<div class=\"section-bg fill\" >\n\t\t\t\t\t\t\t\t\t\n\t\t\t\n\n\t\t<\/div>\n\n\t\t\n\n\t\t<div class=\"section-content relative\">\n\t\t\t\n<div class=\"row align-equal align-center\"  id=\"row-1574970420\">\n\n\t<div id=\"col-1409466797\" class=\"col medium-6 small-12 large-6\"  >\n\t\t\t\t<div class=\"col-inner\"  >\n\t\t\t\n\t\t\t\n\t<div class=\"box has-hover   has-hover box-shadow-2 box-push box-text-bottom\" >\n\n\t\t<div class=\"box-image\" >\n\t\t\t\t\t\t<div class=\"\" >\n\t\t\t\t<img decoding=\"async\" width=\"1124\" height=\"1500\" src=\"https:\/\/www.hotelmabi.nl\/wp-content\/uploads\/2023\/02\/mabi-side-bed-1.webp\" class=\"attachment- size-\" alt=\"\" srcset=\"https:\/\/www.hotelmabi.nl\/wp-content\/uploads\/2023\/02\/mabi-side-bed-1.webp 1124w, https:\/\/www.hotelmabi.nl\/wp-content\/uploads\/2023\/02\/mabi-side-bed-1-225x300.webp 225w, https:\/\/www.hotelmabi.nl\/wp-content\/uploads\/2023\/02\/mabi-side-bed-1-768x1025.webp 768w, https:\/\/www.hotelmabi.nl\/wp-content\/uploads\/2023\/02\/mabi-side-bed-1-767x1024.webp 767w\" sizes=\"(max-width: 1124px) 100vw, 1124px\" \/>\t\t\t\t\t\t\t\t\t\t\t<\/div>\n\t\t\t\t\t<\/div>\n\n\t\t<div class=\"box-text text-center\" >\n\t\t\t<div class=\"box-text-inner\">\n\t\t\t\t\n<p style=\"font-size: 1.5em;\"><strong>\u00dcbernachtung<\/strong><\/p>\n<p>Ein Meeting, eine Party oder ein Empfang und \u00dcbernachten unter einem Dach? Das ist im Mabi City Centre Hotel m\u00f6glich. Das Hotel verf\u00fcgt \u00fcber 55 Zimmer f\u00fcr 2 bis 4 Personen, alle im gleichen Stil wie die Tagungsr\u00e4ume. Je nach Gr\u00f6\u00dfe der Gruppe k\u00f6nnen wir Ihnen einen attraktiven Preis f\u00fcr alle Hotelzimmer anbieten.<\/p>\n\t\t\t<\/div>\n\t\t<\/div>\n\t<\/div>\n\t\n\t\t<\/div>\n\t\t\t\t\t<\/div>\n\n\t\n\n\t<div id=\"col-2120862621\" class=\"col medium-6 small-12 large-6\"  >\n\t\t\t\t<div class=\"col-inner\"  >\n\t\t\t\n\t\t\t\n\t<div class=\"box has-hover   has-hover box-shadow-2 box-push box-text-bottom\" >\n\n\t\t<div class=\"box-image\" >\n\t\t\t\t\t\t<div class=\"\" >\n\t\t\t\t<img decoding=\"async\" width=\"1124\" height=\"1500\" src=\"https:\/\/www.hotelmabi.nl\/wp-content\/uploads\/2023\/05\/mabi-meeting-eat-drink-maastricht.webp\" class=\"attachment- size-\" alt=\"\" srcset=\"https:\/\/www.hotelmabi.nl\/wp-content\/uploads\/2023\/05\/mabi-meeting-eat-drink-maastricht.webp 1124w, https:\/\/www.hotelmabi.nl\/wp-content\/uploads\/2023\/05\/mabi-meeting-eat-drink-maastricht-225x300.webp 225w, https:\/\/www.hotelmabi.nl\/wp-content\/uploads\/2023\/05\/mabi-meeting-eat-drink-maastricht-768x1025.webp 768w, https:\/\/www.hotelmabi.nl\/wp-content\/uploads\/2023\/05\/mabi-meeting-eat-drink-maastricht-767x1024.webp 767w\" sizes=\"(max-width: 1124px) 100vw, 1124px\" \/>\t\t\t\t\t\t\t\t\t\t\t<\/div>\n\t\t\t\t\t<\/div>\n\n\t\t<div class=\"box-text text-center\" >\n\t\t\t<div class=\"box-text-inner\">\n\t\t\t\t\n<p style=\"font-size: 1.5em;\"><strong>Essen &amp; Trinken<\/strong><\/p>\n<p>Bei allen Reservierungen sind Kaffee, Tee, Wasser und frisches Obst standardm\u00e4\u00dfig inbegriffen, au\u00dferdem stellen wir Popcorn auf alle Tische.<br \/>Ein Meeting zum Fr\u00fchst\u00fcck, Mittag- oder Abendessen, oder Lust auf ein paar H\u00e4ppchen?<br \/>Alles ist m\u00f6glich. Abh\u00e4ngig von Ihren W\u00fcnschen erstellen wir Ihnen ein ma\u00dfgeschneidertes Angebot.<\/p>\n\t\t\t<\/div>\n\t\t<\/div>\n\t<\/div>\n\t\n\t\t<\/div>\n\t\t\t\t\t<\/div>\n\n\t\n<\/div>\n\t\t<\/div>\n\n\t\t\n<style>\n#section_368627714 {\n  padding-top: 30px;\n  padding-bottom: 30px;\n}\n<\/style>\n\t<\/section>\n\t\n<div class=\"message-box relative dark\" style=\"padding-top:70px;padding-bottom:70px;\"><div class=\"message-box-bg-image bg-fill fill\" ><\/div><div class=\"message-box-bg-overlay bg-fill fill\" style=\"background-color:rgba(0, 0, 0, 0.302);\"><\/div><div class=\"container relative\"><div class=\"inner last-reset\">\n<div class=\"row align-middle align-center\"  id=\"row-2005545936\">\n\n\t<div id=\"col-1123291503\" class=\"col medium-7 small-12 large-4\"  >\n\t\t\t\t<div class=\"col-inner\"  >\n\t\t\t\n\t\t\t\n<blockquote>\n<p><strong>Reservieren Sie Little Cannes oder Bar Twisted<\/strong><\/p>\n<\/blockquote>\n<p><em> Kontakt<\/em><\/p>\n<p><i class=\"fa-light fa-phone\"><\/i>  043 321 11 11<\/p>\n<p><i class=\"fa-light fa-envelope\"><\/i> <a href=\"mailto:sales@lbghotels.com\"> sales@lbghotels.com<\/a><\/p>\n<p>f\u00fcr ein individuelles Angebot.<\/p>\n\t\t<\/div>\n\t\t\t\t\t<\/div>\n\n\t\n<\/div>\n<\/div><\/div><\/div>\n\n\t<section class=\"section\" id=\"section_1651862600\">\n\t\t<div class=\"section-bg fill\" >\n\t\t\t\t\t\t\t\t\t\n\t\t\t\n\n\t\t<\/div>\n\n\t\t\n\n\t\t<div class=\"section-content relative\">\n\t\t\t\n\n<div class=\"row\"  id=\"row-1753772545\">\n\n\n\t<div id=\"col-225710881\" class=\"col small-12 large-12\"  >\n\t\t\t\t<div class=\"col-inner\"  >\n\t\t\t\n\t\t\t\n\n<div class=\"container section-title-container\" ><h3 class=\"section-title section-title-center\"><b aria-hidden=\"true\"><\/b><span class=\"section-title-main\" >Standort<\/span><b aria-hidden=\"true\"><\/b><\/h3><\/div>\n\n\n\t\t<\/div>\n\t\t\t\t\t<\/div>\n\n\t\n\n<\/div>\n<div class=\"row align-center\"  id=\"row-449199260\">\n\n\n\t<div id=\"col-334950181\" class=\"col medium-11 small-12 large-10\"  >\n\t\t\t\t<div class=\"col-inner\"  >\n\t\t\t\n\t\t\t\n\n\t<div id=\"text-2447487833\" class=\"text\">\n\t\t\n\n<p><strong>Hotel nahe am Markt Maastricht<\/strong><\/p>\n\t\t\n<style>\n#text-2447487833 {\n  font-size: 1.8rem;\n  text-align: center;\n  color: rgb(104, 42, 57);\n}\n#text-2447487833 > * {\n  color: rgb(104, 42, 57);\n}\n<\/style>\n\t<\/div>\n\t\n<div class=\"row row-large\"  id=\"row-1393809161\">\n\n\n\t<div id=\"col-1232347906\" class=\"col medium-7 small-12 large-7\"  >\n\t\t\t\t<div class=\"col-inner\"  >\n\t\t\t\n\t\t\t\n\n<p>Das <a href=\"\/\">Mabi<\/a> Hotel Centrum liegt im Boschstraatkwartier, einem sch\u00f6nen Viertel mitten im gem\u00fctlichen, historischen <a href=\"https:\/\/www.hotelmabi.nl\/de\/luxurioses-design-hotel-maastricht\/\">Zentrum von Maastrich<\/a>t. In unmittelbarer N\u00e4he befinden sich der Markt sowie die Einkaufszentren Mosae Forum und Entre Deux. In nur f\u00fcnf Minuten sind Sie zu Fu\u00df <a href=\"https:\/\/www.hotelmabi.nl\/vrijthof-maastricht\/\">am Vrijthof<\/a> oder Onze Lieve Vrouweplein. Der Hauptbahnhof von Maastricht ist etwa 15 Minuten zu Fu\u00df entfernt.<\/p>\n\t<div id=\"text-3163294179\" class=\"text\">\n\t\t\n\n<p><a href=\"https:\/\/www.hotelmabi.nl\/de\/standort\/\">Location &amp; Directions<\/a><\/p>\n\t\t\n<style>\n#text-3163294179 {\n  text-align: center;\n}\n<\/style>\n\t<\/div>\n\t\n\n\t\t<\/div>\n\t\t\t\t\n<style>\n#col-1232347906 > .col-inner {\n  margin: 0px 0px 0px 10px;\n}\n@media (min-width:550px) {\n  #col-1232347906 > .col-inner {\n    margin: 0px 0px 0px 20px;\n  }\n}\n<\/style>\n\t<\/div>\n\n\t\n\n\t<div id=\"col-1629251804\" class=\"col medium-5 small-12 large-5\"  >\n\t\t\t\t<div class=\"col-inner\"  >\n\t\t\t\n\t\t\t\n\n<ul>\n<li>Markt - 100 m<\/li>\n<li>'t Bassin - 400 m<\/li>\n<li>Sint Servaasbrug - 600 m<\/li>\n<li>Vrijthof - 700 m<\/li>\n<li>Onze Lieve Vrouweplein - 700 m<\/li>\n<\/ul>\n\n\t\t<\/div>\n\t\t\t\t\t<\/div>\n\n\t\n\n<\/div>\n\n\t\t<\/div>\n\t\t\t\t\t<\/div>\n\n\t\n\n<\/div>\n\n\t\t<\/div>\n\n\t\t\n<style>\n#section_1651862600 {\n  padding-top: 30px;\n  padding-bottom: 30px;\n}\n<\/style>\n\t<\/section>\n\t\n\n\t<section class=\"section\" id=\"section_161492391\">\n\t\t<div class=\"section-bg fill\" >\n\t\t\t\t\t\t\t\t\t<div class=\"section-bg-overlay absolute fill\"><\/div>\n\t\t\t\n\n\t\t<\/div>\n\n\t\t\t<div class=\"ux-shape-divider ux-shape-divider--top ux-shape-divider--style-arrow\">\n\t\t<svg viewBox=\"0 0 1000 100\" xmlns=\"http:\/\/www.w3.org\/2000\/svg\" preserveAspectRatio=\"none\">\n\t<path class=\"ux-shape-fill\" d=\"M1000 100H0L0 96H483L500 79L517 96H1000V100Z\"\/>\n<\/svg>\n\t<\/div>\n\n\n\t\t<div class=\"section-content relative\">\n\t\t\t\n\n<div class=\"row row-collapse align-middle align-center\"  id=\"row-219479061\">\n\n\n\t<div id=\"col-455201756\" class=\"col medium-4 small-12 large-4\"  >\n\t\t\t\t<div class=\"col-inner text-center dark\"  >\n\t\t\t\n\t\t\t\n\n\t<div id=\"text-3315777679\" class=\"text\">\n\t\t\n\n<p style=\"font-size: 1.3em; letter-spacing: 0.3em;\"><strong>VORTEILE DIREKT BUCHEN <\/strong><\/p>\n\t\t\n<style>\n#text-3315777679 {\n  text-align: left;\n  color: rgb(255,255,255);\n}\n#text-3315777679 > * {\n  color: rgb(255,255,255);\n}\n<\/style>\n\t<\/div>\n\t\n\t<div id=\"stack-1023150875\" class=\"stack stack-row justify-start items-stretch\">\n\t\t\n\n\t<div id=\"text-2197401699\" class=\"text\">\n\t\t\n\n<p style=\"font-size: 1.1em;\">  <i class=\"blanco fa-regular fa-tags\"><\/i><br>  <i class=\"blanco fa-regular fa-shuffle\"><\/i><br>  <i class=\"blanco fa-regular fa-check\"><\/i> <br>  <i class=\"blanco fa-regular fa-lock\"><\/i><\/p>\n\t\t\n<style>\n#text-2197401699 {\n  text-align: left;\n}\n<\/style>\n\t<\/div>\n\t\n\t<div id=\"text-1744754731\" class=\"text\">\n\t\t\n\n<p style=\"font-size: 1.1em;\"> Beste Preise direkt<br>Flexible Tarife<br>Sofortige Buchungsbest\u00e4tigung<br>Sichere Zahlung<\/p>\n\t\t\n<style>\n#text-1744754731 {\n  text-align: left;\n  color: rgb(255,255,255);\n}\n#text-1744754731 > * {\n  color: rgb(255,255,255);\n}\n<\/style>\n\t<\/div>\n\t\n\n\t\t\n<style>\n#stack-1023150875 > * {\n  --stack-gap: 1rem;\n}\n<\/style>\n\t<\/div>\n\t\n\n\t\t<\/div>\n\t\t\t\t\n<style>\n#col-455201756 > .col-inner {\n  margin: 0px 0px 0px 20px;\n}\n<\/style>\n\t<\/div>\n\n\t\n\n\t<div id=\"col-2053055112\" class=\"col medium-5 small-12 large-4\"  >\n\t\t\t\t<div class=\"col-inner text-center\"  >\n\t\t\t\n\t\t\t\n\n<a href=\"#\" target=\"_blank\" class=\"button primary box-shadow-2 distributor\" rel=\"nofollow noopener\" >\n\t\t<span>JETZT BUCHEN<\/span>\n\t<\/a>\n\n\n\n\t\t<\/div>\n\t\t\t\t\t<\/div>\n\n\t\n\n\n<style>\n#row-219479061 > .col > .col-inner {\n  padding: 50px 20px 0px 20px;\n}\n@media (min-width:550px) {\n  #row-219479061 > .col > .col-inner {\n    padding: 50px 0px 0px 0px;\n  }\n}\n<\/style>\n<\/div>\n\n\t\t<\/div>\n\n\t\t\n<style>\n#section_161492391 {\n  padding-top: 0px;\n  padding-bottom: 0px;\n}\n#section_161492391 .section-bg-overlay {\n  background-color: rgba(0, 0, 0, 0.87);\n}\n#section_161492391 .section-bg img {\n  object-position: 52% 54%;\n}\n#section_161492391 .ux-shape-divider--top svg {\n  height: 150px;\n  --divider-top-width: 100%;\n}\n<\/style>\n\t<\/section>\n\t\n","protected":false},"excerpt":{"rendered":"","protected":false},"author":3,"featured_media":0,"parent":0,"menu_order":0,"comment_status":"closed","ping_status":"closed","template":"page-blank.php","meta":{"footnotes":""},"class_list":["post-4103","page","type-page","status-publish","hentry"],"_links":{"self":[{"href":"https:\/\/www.hotelmabi.nl\/de\/wp-json\/wp\/v2\/pages\/4103","targetHints":{"allow":["GET"]}}],"collection":[{"href":"https:\/\/www.hotelmabi.nl\/de\/wp-json\/wp\/v2\/pages"}],"about":[{"href":"https:\/\/www.hotelmabi.nl\/de\/wp-json\/wp\/v2\/types\/page"}],"author":[{"embeddable":true,"href":"https:\/\/www.hotelmabi.nl\/de\/wp-json\/wp\/v2\/users\/3"}],"replies":[{"embeddable":true,"href":"https:\/\/www.hotelmabi.nl\/de\/wp-json\/wp\/v2\/comments?post=4103"}],"version-history":[{"count":0,"href":"https:\/\/www.hotelmabi.nl\/de\/wp-json\/wp\/v2\/pages\/4103\/revisions"}],"wp:attachment":[{"href":"https:\/\/www.hotelmabi.nl\/de\/wp-json\/wp\/v2\/media?parent=4103"}],"curies":[{"name":"wp","href":"https:\/\/api.w.org\/{rel}","templated":true}]}}