{"id":4101,"date":"2023-05-22T13:27:46","date_gmt":"2023-05-22T11:27:46","guid":{"rendered":"https:\/\/mabi1.wpengine.com\/kinderfest-in-maastricht\/"},"modified":"2025-07-29T15:21:15","modified_gmt":"2025-07-29T13:21:15","slug":"kinderfest-in-maastricht","status":"publish","type":"page","link":"https:\/\/www.hotelmabi.nl\/de\/kinderfest-in-maastricht\/","title":{"rendered":"Kinderfest in Maastricht"},"content":{"rendered":"\n\t<section class=\"section\" id=\"section_224645944\">\n\t\t<div class=\"section-bg fill\" >\n\t\t\t<img decoding=\"async\" width=\"1920\" height=\"918\" src=\"https:\/\/www.hotelmabi.nl\/wp-content\/uploads\/2023\/03\/Midweek-aanbieding-Mabi-1-e1745920776920.webp\" class=\"bg attachment-original size-original\" alt=\"\" \/>\t\t\t\t\t\t<div class=\"section-bg-overlay absolute fill\"><\/div>\n\t\t\t\n\n\t\t<\/div>\n\n\t\t\n\n\t\t<div class=\"section-content relative\">\n\t\t\t\n\t<div id=\"text-3906526997\" class=\"text\">\n\t\t\n<h1>Einzigartige Kinderparty in Maastricht<\/h1>\n\t\t\n<style>\n#text-3906526997 {\n  text-align: center;\n  color: rgb(255,255,255);\n}\n#text-3906526997 > * {\n  color: rgb(255,255,255);\n}\n<\/style>\n\t<\/div>\n\t\n\t\t<\/div>\n\n\t\t\n<style>\n#section_224645944 {\n  padding-top: 0px;\n  padding-bottom: 0px;\n  min-height: 300px;\n}\n#section_224645944 .section-bg-overlay {\n  background-color: rgba(0, 0, 0, 0.5);\n}\n#section_224645944 .section-bg img {\n  object-position: 0% 0%;\n}\n<\/style>\n\t<\/section>\n\t\n\t<div id=\"gap-1969675635\" class=\"gap-element clearfix\" style=\"display:block; height:auto;\">\n\t\t\n<style>\n#gap-1969675635 {\n  padding-top: 30px;\n}\n<\/style>\n\t<\/div>\n\t\n\n\t<section class=\"section\" id=\"section_1641514114\">\n\t\t<div class=\"section-bg fill\" >\n\t\t\t\t\t\t\t\t\t\n\t\t\t\n\n\t\t<\/div>\n\n\t\t\n\n\t\t<div class=\"section-content relative\">\n\t\t\t\n<div class=\"row align-center\"  id=\"row-1639309406\">\n\n\t<div id=\"col-985891292\" class=\"col small-12 large-12\"  >\n\t\t\t\t<div class=\"col-inner text-center\"  >\n\t\t\t\n\t\t\t\n\t<div id=\"text-2453732874\" class=\"text\">\n\t\t\n<p>Suchen Sie eine einzigartige Location f\u00fcr einen Kindergeburtstag in Maastricht? Im Mabi City Centre Hotel bieten wir Ihrem Kind und seinen Freunden ein unvergessliches Erlebnis.<\/p>\n\t\t\n<style>\n#text-2453732874 {\n  text-align: center;\n}\n<\/style>\n\t<\/div>\n\t\n<a href=\"mailto:info@hotelmabi.nl\" target=\"_blank\" class=\"button primary\" rel=\"noopener\" >\n\t\t<span>Mehr Informationen<\/span>\n\t<\/a>\n\n\t\t<\/div>\n\t\t\t\t\t<\/div>\n\n\t\n\n<style>\n#row-1639309406 > .col > .col-inner {\n  background-color: rgb(255,255,255);\n}\n<\/style>\n<\/div>\n<div class=\"row\"  id=\"row-2018662908\">\n\n\t<div id=\"col-2136935156\" class=\"col medium-6 small-12 large-6\"  >\n\t\t\t\t<div class=\"col-inner\"  >\n\t\t\t\n\t\t\t\n\t<div class=\"img has-hover x md-x lg-x y md-y lg-y\" id=\"image_1424993124\">\n\t\t\t\t\t\t\t\t<div class=\"img-inner dark\" >\n\t\t\t<img decoding=\"async\" width=\"1020\" height=\"680\" src=\"https:\/\/www.hotelmabi.nl\/wp-content\/uploads\/2025\/01\/untitled-22-1024x683.jpg\" class=\"attachment-large size-large\" alt=\"Kinderfeestje in Maastricht\" srcset=\"https:\/\/www.hotelmabi.nl\/wp-content\/uploads\/2025\/01\/untitled-22-1024x683.jpg 1024w, https:\/\/www.hotelmabi.nl\/wp-content\/uploads\/2025\/01\/untitled-22-300x200.jpg 300w, https:\/\/www.hotelmabi.nl\/wp-content\/uploads\/2025\/01\/untitled-22-768x512.jpg 768w, https:\/\/www.hotelmabi.nl\/wp-content\/uploads\/2025\/01\/untitled-22-1536x1025.jpg 1536w\" sizes=\"(max-width: 1020px) 100vw, 1020px\" \/>\t\t\t\t\t\t\n\t\t\t\t\t<\/div>\n\t\t\t\t\t\t\t\t\n<style>\n#image_1424993124 {\n  width: 100%;\n}\n<\/style>\n\t<\/div>\n\t\n\t\t<\/div>\n\t\t\t\t\t<\/div>\n\n\t\n\n\t<div id=\"col-499440462\" class=\"col medium-6 small-12 large-6\"  >\n\t\t\t\t<div class=\"col-inner\"  >\n\t\t\t\n\t\t\t\n<blockquote>\n<h2>Kinderparty in ihrem eigenen Kino<\/h2>\n<\/blockquote>\n<p>Unser hauseigenes Privatkino <a href=\"https:\/\/www.hotelmabi.nl\/de\/kino\/\">Plush &amp; Bubblegum<\/a> bietet Platz f\u00fcr bis zu 13 Kinder. Hier k\u00f6nnen die Kinder \u00fcber Netflix einen Film ihrer Wahl genie\u00dfen. <\/p>\n<h3>ARRANGEMENT<\/h3>\n<p>Wir bieten zwei Pakete f\u00fcr die Kinderparty an:<\/p>\n<ul>\n<li><strong>Minipaket<\/strong> <strong>(\u20ac15 pro Kind)<br \/>\n<\/strong>Unbegrenzt Saft, Pommes und ein Snack (Krokette, Frikandel oder K\u00e4sesouffl\u00e9).<\/li>\n<li><strong>Maxipaket<\/strong> <strong>(\u20ac17,50 pro kind)<br \/>\n<\/strong>Unbegrenzt Limonade, Pommes, Snacks und ein dekorierter Geburtstagskuchen.<\/li>\n<\/ul>\n<p>Beide Pakete beinhalten einen festlich gedeckten Tisch.<\/p>\n\t\t<\/div>\n\t\t\t\t\n<style>\n#col-499440462 > .col-inner {\n  padding: 40px 0px 0px 0px;\n}\n<\/style>\n\t<\/div>\n\n\t\n<\/div>\n\t\t<\/div>\n\n\t\t\n<style>\n#section_1641514114 {\n  padding-top: 20px;\n  padding-bottom: 20px;\n}\n<\/style>\n\t<\/section>\n\t\n\n\t<section class=\"section\" id=\"section_430740761\">\n\t\t<div class=\"section-bg fill\" >\n\t\t\t\t\t\t\t\t\t\n\t\t\t\n\n\t\t<\/div>\n\n\t\t\n\n\t\t<div class=\"section-content relative\">\n\t\t\t\n<div class=\"row\"  id=\"row-611785298\">\n\n\t<div id=\"col-1350339476\" class=\"col small-12 large-12\"  >\n\t\t\t\t<div class=\"col-inner\"  >\n\t\t\t\n\t\t\t\n<blockquote>\n<h2>Ma\u00dfarbeit<\/h2>\n<\/blockquote>\n<p>Haben Sie spezielle W\u00fcnsche f\u00fcr die Feier, wie ein Thema oder zus\u00e4tzliche Aktivit\u00e4ten? Wir helfen Ihnen gerne dabei, die Feier ganz nach Ihren Vorstellungen zu gestalten. Ob Kommunionfeier, Geburtstag, Babyparty oder \u00dcberraschungsparty, alles ist besprechbar.  <\/p>\n<div class=\"is-divider divider clearfix\" ><\/div>\n<h3>Reservierungen<\/h3>\n<p>Kontaktieren Sie uns f\u00fcr weitere Informationen oder um ein ma\u00dfgeschneidertes Angebot zu erhalten. Wir sind bereit, gemeinsam mit Ihnen eine unvergessliche Kinderparty in Maastricht zu organisieren.<\/p>\n\t\t<\/div>\n\t\t\t\t\t<\/div>\n\n\t\n<\/div>\n\t\t<\/div>\n\n\t\t\n<style>\n#section_430740761 {\n  padding-top: 0px;\n  padding-bottom: 0px;\n}\n<\/style>\n\t<\/section>\n\t\n\n\t<section class=\"section\" id=\"section_1353389017\">\n\t\t<div class=\"section-bg fill\" >\n\t\t\t\t\t\t\t\t\t\n\t\t\t\n\n\t\t<\/div>\n\n\t\t\n\n\t\t<div class=\"section-content relative\">\n\t\t\t\n<div class=\"row\"  id=\"row-922984520\">\n\n\t<div id=\"col-2125814622\" class=\"col medium-6 small-12 large-6\"  >\n\t\t\t\t<div class=\"col-inner\" style=\"background-color:rgb(249, 243, 243);\" >\n\t\t\t\n\t\t\t\n\t<div id=\"text-1812669542\" class=\"text\">\n\t\t\n<h3 data-padding=\"20px\">Minipaket<\/h3>\n<ul>\n<li>Filmvorf\u00fchrung im Kino Plush &amp; Bubblegum inkl. einer T\u00fcte Popcorn <\/li>\n<li>Unbegrenzt Limonade<\/li>\n<li>Pommes mit Snack (Krokette, Frikandel oder K\u00e4sesouffl\u00e9).<\/li>\n<\/ul>\n\t\t\n<style>\n#text-1812669542 {\n  text-align: left;\n}\n<\/style>\n\t<\/div>\n\t\n<p><strong>15 \u20ac pro Sorte<\/strong><\/p>\n<a href=\"mailto:info@hotelmabi.nl\" class=\"button primary\" >\n\t\t<span>Reservierungen<\/span>\n\t<\/a>\n\n\t\t<\/div>\n\t\t\t\t\n<style>\n#col-2125814622 > .col-inner {\n  padding: 30px 30px 65px 30px;\n}\n<\/style>\n\t<\/div>\n\n\t\n\n\t<div id=\"col-1382997354\" class=\"col medium-6 small-12 large-6\"  >\n\t\t\t\t<div class=\"col-inner\" style=\"background-color:rgb(249, 243, 243);\" >\n\t\t\t\n\t<div class=\"is-border\"\n\t\tstyle=\"border-width:0px 0px 0px 0px;\">\n\t<\/div>\n\t\t\t\n\t<div id=\"text-2683361411\" class=\"text\">\n\t\t\n<h3 data-padding=\"20px\">Maxipaket<\/h3>\n<ul>\n<li>Filmvorf\u00fchrung im Kino Plush &amp; Bubblegum inkl. einer T\u00fcte Popcorn <\/li>\n<li>Unbegrenzt Limonade<\/li>\n<li>Pommes mit Snack (Krokette, Frikandel oder K\u00e4sesouffl\u00e9).<\/li>\n<li>Feestelijke verjaardagscake<\/li>\n<\/ul>\n\t\t\n<style>\n#text-2683361411 {\n  text-align: left;\n}\n<\/style>\n\t<\/div>\n\t\n<p><strong>\u20ac17,50 pro Kind<\/strong><\/p>\n<a href=\"mailto:info@hotelmabi.nl\" class=\"button primary\" >\n\t\t<span>Reservierungen<\/span>\n\t<\/a>\n\n\t\t<\/div>\n\t\t\t\t\n<style>\n#col-1382997354 > .col-inner {\n  padding: 30px 30px 30px 30px;\n}\n<\/style>\n\t<\/div>\n\n\t\n<\/div>\n\t\t<\/div>\n\n\t\t\n<style>\n#section_1353389017 {\n  padding-top: 30px;\n  padding-bottom: 30px;\n}\n<\/style>\n\t<\/section>\n\t\n","protected":false},"excerpt":{"rendered":"","protected":false},"author":3,"featured_media":0,"parent":0,"menu_order":0,"comment_status":"closed","ping_status":"closed","template":"page-blank.php","meta":{"footnotes":""},"class_list":["post-4101","page","type-page","status-publish","hentry"],"_links":{"self":[{"href":"https:\/\/www.hotelmabi.nl\/de\/wp-json\/wp\/v2\/pages\/4101","targetHints":{"allow":["GET"]}}],"collection":[{"href":"https:\/\/www.hotelmabi.nl\/de\/wp-json\/wp\/v2\/pages"}],"about":[{"href":"https:\/\/www.hotelmabi.nl\/de\/wp-json\/wp\/v2\/types\/page"}],"author":[{"embeddable":true,"href":"https:\/\/www.hotelmabi.nl\/de\/wp-json\/wp\/v2\/users\/3"}],"replies":[{"embeddable":true,"href":"https:\/\/www.hotelmabi.nl\/de\/wp-json\/wp\/v2\/comments?post=4101"}],"version-history":[{"count":0,"href":"https:\/\/www.hotelmabi.nl\/de\/wp-json\/wp\/v2\/pages\/4101\/revisions"}],"wp:attachment":[{"href":"https:\/\/www.hotelmabi.nl\/de\/wp-json\/wp\/v2\/media?parent=4101"}],"curies":[{"name":"wp","href":"https:\/\/api.w.org\/{rel}","templated":true}]}}