{"id":4056,"date":"2023-05-19T12:19:35","date_gmt":"2023-05-19T10:19:35","guid":{"rendered":"https:\/\/mabi1.wpengine.com\/familienhotel-in-maastricht\/"},"modified":"2025-08-12T13:43:14","modified_gmt":"2025-08-12T11:43:14","slug":"familienhotel-in-maastricht","status":"publish","type":"page","link":"https:\/\/www.hotelmabi.nl\/de\/familienhotel-in-maastricht\/","title":{"rendered":"Familienhotel"},"content":{"rendered":"\n\t<section class=\"section\" id=\"section_1076643085\">\n\t\t<div class=\"section-bg fill\" >\n\t\t\t<img decoding=\"async\" width=\"1988\" height=\"1327\" src=\"https:\/\/www.hotelmabi.nl\/wp-content\/uploads\/2023\/05\/family-room-mabi-hotel.webp\" class=\"bg attachment-original size-original\" alt=\"\" \/>\t\t\t\t\t\t<div class=\"section-bg-overlay absolute fill\"><\/div>\n\t\t\t\n\n\t\t<\/div>\n\n\t\t\n\n\t\t<div class=\"section-content relative\">\n\t\t\t\n<div class=\"row align-center\"  id=\"row-857834561\">\n\n\t<div id=\"col-2016514693\" class=\"col small-12 large-12\"  >\n\t\t\t\t<div class=\"col-inner text-shadow-1\"  >\n\t\t\t\n\t\t\t\n\t<div id=\"text-1404827146\" class=\"text\">\n\t\t\n<h1>Mit der ganzen Familie in einem Zimmer im Mabi City Centre Hotel<\/h1>\n\t\t\n<style>\n#text-1404827146 {\n  text-align: center;\n}\n<\/style>\n\t<\/div>\n\t\n\t\t<\/div>\n\t\t\t\t\t<\/div>\n\n\t\n<\/div>\n\t\t<\/div>\n\n\t\t\n<style>\n#section_1076643085 {\n  padding-top: 0px;\n  padding-bottom: 0px;\n  min-height: 400px;\n}\n#section_1076643085 .section-bg-overlay {\n  background-color: rgba(255, 255, 255, 0.6);\n}\n#section_1076643085 .section-bg img {\n  object-position: 53% 49%;\n}\n<\/style>\n\t<\/section>\n\t\n\n\t<section class=\"section\" id=\"section_1114183734\">\n\t\t<div class=\"section-bg fill\" >\n\t\t\t\t\t\t\t\t\t\n\t\t\t\n\n\t\t<\/div>\n\n\t\t\n\n\t\t<div class=\"section-content relative\">\n\t\t\t\n<div class=\"row align-center\"  id=\"row-1218228942\">\n\n\t<div id=\"col-1133065387\" class=\"col medium-10 small-12 large-10\"  >\n\t\t\t\t<div class=\"col-inner text-center box-shadow-2\" style=\"background-color:rgb(255,255,255);\" >\n\t\t\t\n\t\t\t\n<p>Verbringen Sie die Nacht mit der ganzen Familie in einem unserer Familienzimmer f\u00fcr 3 und 4 Personen. Schlafen Sie gemeinsam im Herzen von Maastricht. Haben Sie ein Baby dabei? Gerne stellen wir ein Babybett ins Zimmer. Wenn Sie mit der ganzen Familie nach S\u00fcd-Limburg reisen, ist Maastricht der perfekte Ausgangspunkt. Maastricht bietet viele Aktivit\u00e4ten, die mit Kindern Spa\u00df machen, von einem unterirdischen Abenteuer in den H\u00f6hlen von Maastricht bis zum Backen von Limburgischen Kuchen in der B\u00e4ckerei.<\/p>\n\t\t<\/div>\n\t\t\t\t\n<style>\n#col-1133065387 > .col-inner {\n  padding: 30px 30px 30px 30px;\n  margin: -50px 0px 0px 0px;\n}\n<\/style>\n\t<\/div>\n\n\t\n<\/div>\n\t\t<\/div>\n\n\t\t\n<style>\n#section_1114183734 {\n  padding-top: 0px;\n  padding-bottom: 0px;\n}\n<\/style>\n\t<\/section>\n\t\n\n\t<section class=\"section\" id=\"section_1556845627\">\n\t\t<div class=\"section-bg fill\" >\n\t\t\t\t\t\t\t\t\t\n\t\t\t\n\n\t\t<\/div>\n\n\t\t\n\n\t\t<div class=\"section-content relative\">\n\t\t\t\n<div class=\"row row-collapse align-middle align-center\"  id=\"row-387558284\">\n\n\t<div id=\"col-2002028907\" class=\"col medium-6 small-12 large-6\"  >\n\t\t\t\t<div class=\"col-inner\"  >\n\t\t\t\n\t\t\t\n\t<div class=\"img has-hover x md-x lg-x y md-y lg-y\" id=\"image_271749067\">\n\t\t\t\t\t\t\t\t<div class=\"img-inner box-shadow-2 dark\" >\n\t\t\t<img decoding=\"async\" width=\"1020\" height=\"681\" src=\"https:\/\/www.hotelmabi.nl\/wp-content\/uploads\/2023\/05\/family-room-mabi-hotel-1024x684.webp\" class=\"attachment-large size-large\" alt=\"\" srcset=\"https:\/\/www.hotelmabi.nl\/wp-content\/uploads\/2023\/05\/family-room-mabi-hotel-1024x684.webp 1024w, https:\/\/www.hotelmabi.nl\/wp-content\/uploads\/2023\/05\/family-room-mabi-hotel-300x200.webp 300w, https:\/\/www.hotelmabi.nl\/wp-content\/uploads\/2023\/05\/family-room-mabi-hotel-768x513.webp 768w, https:\/\/www.hotelmabi.nl\/wp-content\/uploads\/2023\/05\/family-room-mabi-hotel-1536x1025.webp 1536w, https:\/\/www.hotelmabi.nl\/wp-content\/uploads\/2023\/05\/family-room-mabi-hotel.webp 1988w\" sizes=\"(max-width: 1020px) 100vw, 1020px\" \/>\t\t\t\t\t\t\n\t\t\t\t\t<\/div>\n\t\t\t\t\t\t\t\t\n<style>\n#image_271749067 {\n  width: 100%;\n}\n<\/style>\n\t<\/div>\n\t\n\t\t<\/div>\n\t\t\t\t\t<\/div>\n\n\t\n\n\t<div id=\"col-1727556157\" class=\"col medium-6 small-12 large-6\"  >\n\t\t\t\t<div class=\"col-inner box-shadow-2\"  >\n\t\t\t\n\t\t\t\n<h2>Familienzimmer in Maastricht <\/h2>\n<div class=\"is-divider divider clearfix\" ><\/div>\n<p>Die Plush Triple und Corbusier Familienzimmer eignen sich ideal f\u00fcr Eltern mit Kindern. Das Plush Triple bietet Platz f\u00fcr 3 Personen und ist 22 m\u00b2 gro\u00df. Es gibt 3 Einzelbetten, die bei Bedarf zusammengeschoben werden k\u00f6nnen. Das Corbusier Familienzimmer verf\u00fcgt \u00fcber 2 Kingsize-Betten und bietet daher Platz f\u00fcr 4 Personen. Die Kinder haben in diesem 34 m\u00b2 gro\u00dfen Raum sogar noch mehr Platz zum Spielen.<\/p>\n\t\t<\/div>\n\t\t\t\t\n<style>\n#col-1727556157 > .col-inner {\n  padding: 30px 30px 30px 30px;\n}\n<\/style>\n\t<\/div>\n\n\t\n<\/div>\n\t\t<\/div>\n\n\t\t\n<style>\n#section_1556845627 {\n  padding-top: 30px;\n  padding-bottom: 30px;\n}\n<\/style>\n\t<\/section>\n\t\n\n\t<section class=\"section\" id=\"section_1950638088\">\n\t\t<div class=\"section-bg fill\" >\n\t\t\t\t\t\t\t\t\t\n\t\t\t\n\n\t\t<\/div>\n\n\t\t\n\n\t\t<div class=\"section-content relative\">\n\t\t\t\n<div class=\"row row-collapse align-middle align-center\"  id=\"row-1409159961\">\n\n\t<div id=\"col-313424215\" class=\"col medium-6 small-12 large-6\"  >\n\t\t\t\t<div class=\"col-inner box-shadow-2\"  >\n\t\t\t\n\t\t\t\n<h2>Ausstattung der Familienzimmer<\/h2>\n<div class=\"is-divider divider clearfix\" ><\/div>\n<p>Alle Familienzimmer verf\u00fcgen \u00fcber 3 oder 4 Betten, kostenloses WLAN, ein ger\u00e4umiges Badezimmer, Kaffee- und Tee Zubereitungsm\u00f6glichkeiten, einen Safe, Schrank Platz und einen Fernseher. Die Familienzimmer sind ger\u00e4umig, sodass die Kinder viel Platz zum Spielen um die Betten herum haben.<\/p>\n\t\t<\/div>\n\t\t\t\t\n<style>\n#col-313424215 > .col-inner {\n  padding: 30px 30px 30px 30px;\n}\n<\/style>\n\t<\/div>\n\n\t\n\n\t<div id=\"col-1140190431\" class=\"col medium-6 small-12 large-6 small-col-first\"  >\n\t\t\t\t<div class=\"col-inner\"  >\n\t\t\t\n\t\t\t\n\t<div class=\"img has-hover x md-x lg-x y md-y lg-y\" id=\"image_1565382287\">\n\t\t\t\t\t\t\t\t<div class=\"img-inner box-shadow-2 dark\" >\n\t\t\t<img decoding=\"async\" width=\"1020\" height=\"681\" src=\"https:\/\/www.hotelmabi.nl\/wp-content\/uploads\/2023\/02\/Mabi-room-tv-family-Mabi-City-Centre-Hotel-Maastricht-1024x684.webp\" class=\"attachment-large size-large\" alt=\"\" srcset=\"https:\/\/www.hotelmabi.nl\/wp-content\/uploads\/2023\/02\/Mabi-room-tv-family-Mabi-City-Centre-Hotel-Maastricht-1024x684.webp 1024w, https:\/\/www.hotelmabi.nl\/wp-content\/uploads\/2023\/02\/Mabi-room-tv-family-Mabi-City-Centre-Hotel-Maastricht-300x200.webp 300w, https:\/\/www.hotelmabi.nl\/wp-content\/uploads\/2023\/02\/Mabi-room-tv-family-Mabi-City-Centre-Hotel-Maastricht-768x513.webp 768w, https:\/\/www.hotelmabi.nl\/wp-content\/uploads\/2023\/02\/Mabi-room-tv-family-Mabi-City-Centre-Hotel-Maastricht.webp 1198w\" sizes=\"(max-width: 1020px) 100vw, 1020px\" \/>\t\t\t\t\t\t\n\t\t\t\t\t<\/div>\n\t\t\t\t\t\t\t\t\n<style>\n#image_1565382287 {\n  width: 100%;\n}\n<\/style>\n\t<\/div>\n\t\n\t\t<\/div>\n\t\t\t\t\t<\/div>\n\n\t\n<\/div>\n\t\t<\/div>\n\n\t\t\n<style>\n#section_1950638088 {\n  padding-top: 30px;\n  padding-bottom: 30px;\n}\n<\/style>\n\t<\/section>\n\t\n\n\t<section class=\"section\" id=\"section_1665193796\">\n\t\t<div class=\"section-bg fill\" >\n\t\t\t\t\t\t\t\t\t\n\t\t\t\n\n\t\t<\/div>\n\n\t\t\n\n\t\t<div class=\"section-content relative\">\n\t\t\t\n<div class=\"row\"  id=\"row-99104640\">\n\n\t<div id=\"col-1733817079\" class=\"col medium-6 small-12 large-6\"  >\n\t\t\t\t<div class=\"col-inner\"  >\n\t\t\t\n\t\t\t\n\t<div class=\"box has-hover   has-hover box-shadow-2 box-bounce box-text-bottom\" >\n\n\t\t<div class=\"box-image\" >\n\t\t\t<a href=\"https:\/\/www.hotelmabi.nl\/de\/zimmer\/#plush-t\" >\t\t\t<div class=\"\" >\n\t\t\t\t<img decoding=\"async\" width=\"1500\" height=\"1124\" src=\"https:\/\/www.hotelmabi.nl\/wp-content\/uploads\/2023\/09\/Room-Plush-Triple-MABI-CITY-CENTRE-HOTEL.webp\" class=\"attachment- size-\" alt=\"\" srcset=\"https:\/\/www.hotelmabi.nl\/wp-content\/uploads\/2023\/09\/Room-Plush-Triple-MABI-CITY-CENTRE-HOTEL.webp 1500w, https:\/\/www.hotelmabi.nl\/wp-content\/uploads\/2023\/09\/Room-Plush-Triple-MABI-CITY-CENTRE-HOTEL-300x225.webp 300w, https:\/\/www.hotelmabi.nl\/wp-content\/uploads\/2023\/09\/Room-Plush-Triple-MABI-CITY-CENTRE-HOTEL-768x575.webp 768w, https:\/\/www.hotelmabi.nl\/wp-content\/uploads\/2023\/09\/Room-Plush-Triple-MABI-CITY-CENTRE-HOTEL-1024x767.webp 1024w\" sizes=\"(max-width: 1500px) 100vw, 1500px\" \/>\t\t\t\t\t\t\t\t\t\t\t<\/div>\n\t\t\t<\/a>\t\t<\/div>\n\n\t\t<div class=\"box-text text-center\" >\n\t\t\t<div class=\"box-text-inner\">\n\t\t\t\t\n<h3><a href=\"https:\/\/www.hotelmabi.nl\/de\/zimmer\/#plush-t\">Plush Triple<\/a><\/h3>\n<div class=\"is-divider divider clearfix\" ><\/div>\n<p><i class=\"fa-light fa-ruler-combined\"><\/i> 22 m2<br \/><i class=\"fa-light fa-bed-front\"><\/i> 3 Einzelbetten<br \/><i class=\"fa-light fa-shower-down\"><\/i> Badezimmer mit Dusche<br \/><i class=\"fa-light fa-location-crosshairs\"><\/i> Befindet sich an der Vorderseite des Hotels<\/p>\n<a href=\"https:\/\/www.hotelmabi.nl\/de\/zimmer\/#plush-t\" class=\"button secondary is-outline\" style=\"border-radius:99px;\">\n\t\t<span>Entdecken<\/span>\n\t<\/a>\n\n<a class=\"button primary distributor\" style=\"border-radius:99px;\">\n\t\t<span>JETZT BUCHEN<\/span>\n\t<\/a>\n\n\t\t\t<\/div>\n\t\t<\/div>\n\t<\/div>\n\t\n\t\t<\/div>\n\t\t\t\t\t<\/div>\n\n\t\n\n\t<div id=\"col-2009161117\" class=\"col medium-6 small-12 large-6\"  >\n\t\t\t\t<div class=\"col-inner\"  >\n\t\t\t\n\t\t\t\n\t<div class=\"box has-hover   has-hover box-shadow-2 box-bounce box-text-bottom\" >\n\n\t\t<div class=\"box-image\" >\n\t\t\t<a href=\"https:\/\/www.hotelmabi.nl\/de\/zimmer\/#c-family\" >\t\t\t<div class=\"\" >\n\t\t\t\t<img decoding=\"async\" width=\"1500\" height=\"1124\" src=\"https:\/\/www.hotelmabi.nl\/wp-content\/uploads\/2023\/09\/Room-Corbusier-Family-MABI-CITY-CENTRE-HOTEL.webp\" class=\"attachment- size-\" alt=\"\" srcset=\"https:\/\/www.hotelmabi.nl\/wp-content\/uploads\/2023\/09\/Room-Corbusier-Family-MABI-CITY-CENTRE-HOTEL.webp 1500w, https:\/\/www.hotelmabi.nl\/wp-content\/uploads\/2023\/09\/Room-Corbusier-Family-MABI-CITY-CENTRE-HOTEL-300x225.webp 300w, https:\/\/www.hotelmabi.nl\/wp-content\/uploads\/2023\/09\/Room-Corbusier-Family-MABI-CITY-CENTRE-HOTEL-768x575.webp 768w, https:\/\/www.hotelmabi.nl\/wp-content\/uploads\/2023\/09\/Room-Corbusier-Family-MABI-CITY-CENTRE-HOTEL-1024x767.webp 1024w\" sizes=\"(max-width: 1500px) 100vw, 1500px\" \/>\t\t\t\t\t\t\t\t\t\t\t<\/div>\n\t\t\t<\/a>\t\t<\/div>\n\n\t\t<div class=\"box-text text-center\" >\n\t\t\t<div class=\"box-text-inner\">\n\t\t\t\t\n<h3><a href=\"https:\/\/www.hotelmabi.nl\/de\/zimmer\/#c-family\">Corbusier Familienzimmer<\/a><\/h3>\n<div class=\"is-divider divider clearfix\" ><\/div>\n<p><i class=\"fa-light fa-ruler-combined\"><\/i> 34 m2<br \/><i class=\"fa-light fa-bed-front\"><\/i> 2 Kingsize-Betten<br \/><i class=\"fa-light fa-shower-down\"><\/i> Badezimmer mit Doppelwaschbecken und Dusche<br \/><i class=\"fa-light fa-location-crosshairs\"><\/i> Befindet sich an der Vorderseite des Hotels<\/p>\n<a href=\"https:\/\/www.hotelmabi.nl\/de\/zimmer\/#c-family\" class=\"button secondary is-outline\" style=\"border-radius:99px;\">\n\t\t<span>Entdecken<\/span>\n\t<\/a>\n\n<a class=\"button primary distributor\" style=\"border-radius:99px;\">\n\t\t<span>JETZT BUCHEN<\/span>\n\t<\/a>\n\n\t\t\t<\/div>\n\t\t<\/div>\n\t<\/div>\n\t\n\t\t<\/div>\n\t\t\t\t\t<\/div>\n\n\t\n<\/div>\n\t\t<\/div>\n\n\t\t\n<style>\n#section_1665193796 {\n  padding-top: 30px;\n  padding-bottom: 30px;\n}\n<\/style>\n\t<\/section>\n\t\n\n\t<section class=\"section\" id=\"section_1463656193\">\n\t\t<div class=\"section-bg fill\" >\n\t\t\t\t\t\t\t\t\t\n\t\t\t\n\n\t\t<\/div>\n\n\t\t\n\n\t\t<div class=\"section-content relative\">\n\t\t\t\n\n<div class=\"row align-center\"  id=\"row-2089278242\">\n\n\n\t<div id=\"col-855255882\" class=\"col medium-7 small-12 large-4\"  >\n\t\t\t\t<div class=\"col-inner\"  >\n\t\t\t\n\t\t\t\n\n\t<div id=\"text-1266121232\" class=\"text uppercase\">\n\t\t\n\n<p><strong>HOTELAUSSTATTUNG<\/strong><\/p>\n\t\t\n<style>\n#text-1266121232 {\n  font-size: 1.15rem;\n  text-align: left;\n}\n<\/style>\n\t<\/div>\n\t\n\t<div id=\"stack-1435076221\" class=\"stack stack-row justify-start items-stretch\">\n\t\t\n\n\t<div id=\"text-3244781493\" class=\"text\">\n\t\t\n\n<p><i class=\"fa-light fa-film\"><\/i><br>\n<i class=\"fa-light fa-bed-front\"><\/i><br>\n<i class=\"fa-brands fa-chromecast\"><\/i><br>\n<i class=\"fa-light fa-refrigerator\"><\/i><br>\n<i class=\"fa-light fa-bed-bunk\"><\/i><br>\n<i class=\"fa-light fa-coffee-pot\"><\/i><br>\n<i class=\"fa-light fa-vault\"><\/i><br>\n<i class=\"fa-light fa-elevator\"><\/i><br>\n<i class=\"fa-light fa-wifi\"><\/i><br>\n<i class=\"fa-light fa-air-conditioner\"><\/i><br>\n<i class=\"fa-light fa-ban-smoking\"><\/i><br>\n<i class=\"fa-light fa-paw-simple\"><\/i><\/p>\n\t\t\n<style>\n#text-3244781493 {\n  text-align: center;\n}\n<\/style>\n\t<\/div>\n\t\n\t<div id=\"text-1723030711\" class=\"text\">\n\t\t\n\n<p><a href=\"https:\/\/www.hotelmabi.nl\/de\/kino\/\">Kino Plush &amp; Bubblegum<\/a><br>8 verschiedene Zimmerkategorien<br>Google Chromecast im Imagine King Zimmer<br>Minibar im Twisted King Zimmer<br>Familienzimmer f\u00fcr 3 und 4 Personen<br>Kaffee- und Tee auf dem Zimmer<br>Zimmersafe<br>Aufzug<br>Kostenloses WLAN<br>Klimaanlage<br>Nichtraucherhotel<br>Keine Haustiere erlaubt<\/p>\n\t\t\t<\/div>\n\t\n\n\t\t\n<style>\n#stack-1435076221 > * {\n  --stack-gap: 0.5rem;\n}\n<\/style>\n\t<\/div>\n\t\n\n\t\t<\/div>\n\t\t\t\t\t<\/div>\n\n\t\n\n\t<div id=\"col-1880729029\" class=\"col medium-7 small-12 large-4\"  >\n\t\t\t\t<div class=\"col-inner\"  >\n\t\t\t\n\t\t\t\n\n\t<div id=\"text-3977969590\" class=\"text uppercase\">\n\t\t\n\n<p><strong>DIENSTLEISTUNGEN<\/strong><\/p>\n\t\t\n<style>\n#text-3977969590 {\n  font-size: 1.15rem;\n  text-align: left;\n}\n<\/style>\n\t<\/div>\n\t\n\t<div id=\"stack-81159732\" class=\"stack stack-row justify-start items-stretch\">\n\t\t\n\n\t<div id=\"text-2889444857\" class=\"text\">\n\t\t\n\n<p><i class=\"fa-light fa-clock-rotate-left\"><\/i><br>\n<i class=\"fa-sharp fa-light fa-building-circle-check\"><\/i><br>\n<i class=\"fa-light fa-cart-flatbed-suitcase\"><\/i><br>\n<i class=\"fa-light fa-bell-concierge\"><\/i><br>\n<i class=\"fa-light fa-washing-machine\"><\/i><br>\n<i class=\"fa-sharp fa-light fa-sparkle\"><\/i><br>\n<i class=\"fa-light fa-game-board\"><\/i><\/p>\n\n\t\t\n<style>\n#text-2889444857 {\n  text-align: center;\n}\n<\/style>\n\t<\/div>\n\t\n\t<div id=\"text-1626390611\" class=\"text\">\n\t\t\n\n<p>24\/7 Rezeption<br>Selbst-Check-in-Option<br>Gep\u00e4ckraum<br>Kundenservice<br>W\u00e4scheservice<br>Schuhputzservice<br>Gesellschaftsspiel<\/p>\n\n\t\t\t<\/div>\n\t\n\n\t\t\n<style>\n#stack-81159732 > * {\n  --stack-gap: 0.5rem;\n}\n<\/style>\n\t<\/div>\n\t\n\n\t\t<\/div>\n\t\t\t\t\t<\/div>\n\n\t\n\n\t<div id=\"col-278075241\" class=\"col medium-7 small-12 large-4\"  >\n\t\t\t\t<div class=\"col-inner\"  >\n\t\t\t\n\t\t\t\n\n\t<div id=\"text-173985255\" class=\"text uppercase\">\n\t\t\n\n<p><strong>Essen &amp; Trinken<\/strong><\/p>\n\t\t\n<style>\n#text-173985255 {\n  font-size: 1.15rem;\n  text-align: left;\n}\n<\/style>\n\t<\/div>\n\t\n\t<div id=\"stack-287851610\" class=\"stack stack-row justify-start items-stretch\">\n\t\t\n\n\t<div id=\"text-146784121\" class=\"text\">\n\t\t\n\n<p><i class=\"fa-light fa-film\"><\/i><br>\n<i class=\"fa-light fa-martini-glass-citrus\"><\/i><\/p>\n\t\t\n<style>\n#text-146784121 {\n  text-align: center;\n}\n<\/style>\n\t<\/div>\n\t\n\t<div id=\"text-2791977447\" class=\"text\">\n\t\t\n\n<p><a href=\"https:\/\/www.hotelmabi.nl\/de\/essen-trinken\/fruehstueck\/\">Fr\u00fchst\u00fccksraum Little Cannes<\/a><br><a href=\"https:\/\/www.hotelmabi.nl\/de\/essen-trinken\/bar-twisted\/\">Bar Twisted<\/a><\/p>\n\t\t\t<\/div>\n\t\n\n\t\t\n<style>\n#stack-287851610 > * {\n  --stack-gap: 0.5rem;\n}\n<\/style>\n\t<\/div>\n\t\n\t<div id=\"gap-2102119477\" class=\"gap-element clearfix\" style=\"display:block; height:auto;\">\n\t\t\n<style>\n#gap-2102119477 {\n  padding-top: 30px;\n}\n<\/style>\n\t<\/div>\n\t\n\n\t<div id=\"text-323973202\" class=\"text uppercase\">\n\t\t\n\n<p><strong>Check-in und Check-out <\/strong><\/p>\n\t\t\n<style>\n#text-323973202 {\n  font-size: 1.15rem;\n  line-height: 0.75;\n  text-align: left;\n}\n<\/style>\n\t<\/div>\n\t\n\t<div id=\"stack-578803855\" class=\"stack stack-row justify-start items-stretch\">\n\t\t\n\n\t<div id=\"text-1511664897\" class=\"text\">\n\t\t\n\n<p><i class=\"fa-light fa-inbox-in fa-rotate-270\"><\/i><br>\n<i class=\"fa-light fa-inbox-out fa-rotate-270\"><\/i><\/p>\n\t\t\n<style>\n#text-1511664897 {\n  text-align: center;\n}\n<\/style>\n\t<\/div>\n\t\n\t<div id=\"text-847644727\" class=\"text\">\n\t\t\n\n<p>Check-in: ab 15:00 Uhr<br>\nCheck-out: bis 11:00 Uhr<\/p>\n\t\t\t<\/div>\n\t\n\n\t\t\n<style>\n#stack-578803855 > * {\n  --stack-gap: 0.5rem;\n}\n<\/style>\n\t<\/div>\n\t\n\t<div id=\"gap-2075935339\" class=\"gap-element clearfix\" style=\"display:block; height:auto;\">\n\t\t\n<style>\n#gap-2075935339 {\n  padding-top: 30px;\n}\n<\/style>\n\t<\/div>\n\t\n\n\t<div id=\"text-1051473961\" class=\"text uppercase\">\n\t\t\n\n<p><strong>Parken<\/strong><\/p>\n\t\t\n<style>\n#text-1051473961 {\n  font-size: 1.15rem;\n  line-height: 0.75;\n  text-align: left;\n}\n<\/style>\n\t<\/div>\n\t\n\t<div id=\"stack-926389980\" class=\"stack stack-row justify-start items-stretch\">\n\t\t\n\n\t<div id=\"text-683694574\" class=\"text\">\n\t\t\n\n<p><i class=\"fa-light fa-circle-parking\"><\/i><\/p>\n\t\t\n<style>\n#text-683694574 {\n  text-align: center;\n}\n<\/style>\n\t<\/div>\n\t\n\t<div id=\"text-2962683337\" class=\"text\">\n\t\t\n\n<p><a href=\"https:\/\/www.hotelmabi.nl\/de\/parken\/\">Externe Parkm\u00f6glichkeiten<\/a><\/p>\n\t\t\t<\/div>\n\t\n\n\t\t\n<style>\n#stack-926389980 > * {\n  --stack-gap: 0.5rem;\n}\n<\/style>\n\t<\/div>\n\t\n\n\t\t<\/div>\n\t\t\t\t\t<\/div>\n\n\t\n\n<\/div>\n\n\t\t<\/div>\n\n\t\t\n<style>\n#section_1463656193 {\n  padding-top: 30px;\n  padding-bottom: 30px;\n}\n<\/style>\n\t<\/section>\n\t\n\n\t<section class=\"section\" id=\"section_7171750\">\n\t\t<div class=\"section-bg fill\" >\n\t\t\t\t\t\t\t\t\t<div class=\"section-bg-overlay absolute fill\"><\/div>\n\t\t\t\n\n\t\t<\/div>\n\n\t\t\t<div class=\"ux-shape-divider ux-shape-divider--top ux-shape-divider--style-arrow\">\n\t\t<svg viewBox=\"0 0 1000 100\" xmlns=\"http:\/\/www.w3.org\/2000\/svg\" preserveAspectRatio=\"none\">\n\t<path class=\"ux-shape-fill\" d=\"M1000 100H0L0 96H483L500 79L517 96H1000V100Z\"\/>\n<\/svg>\n\t<\/div>\n\n\n\t\t<div class=\"section-content relative\">\n\t\t\t\n\n<div class=\"row row-collapse align-middle align-center\"  id=\"row-2146740594\">\n\n\n\t<div id=\"col-245593054\" class=\"col medium-4 small-12 large-4\"  >\n\t\t\t\t<div class=\"col-inner text-center dark\"  >\n\t\t\t\n\t\t\t\n\n\t<div id=\"text-3153901473\" class=\"text\">\n\t\t\n\n<p style=\"font-size: 1.3em; letter-spacing: 0.3em;\"><strong>VORTEILE DIREKT BUCHEN <\/strong><\/p>\n\t\t\n<style>\n#text-3153901473 {\n  text-align: left;\n  color: rgb(255,255,255);\n}\n#text-3153901473 > * {\n  color: rgb(255,255,255);\n}\n<\/style>\n\t<\/div>\n\t\n\t<div id=\"stack-724503420\" class=\"stack stack-row justify-start items-stretch\">\n\t\t\n\n\t<div id=\"text-2732751467\" class=\"text\">\n\t\t\n\n<p style=\"font-size: 1.1em;\">  <i class=\"blanco fa-regular fa-tags\"><\/i><br>  <i class=\"blanco fa-regular fa-shuffle\"><\/i><br>  <i class=\"blanco fa-regular fa-check\"><\/i> <br>  <i class=\"blanco fa-regular fa-lock\"><\/i><\/p>\n\t\t\n<style>\n#text-2732751467 {\n  text-align: left;\n}\n<\/style>\n\t<\/div>\n\t\n\t<div id=\"text-1533619356\" class=\"text\">\n\t\t\n\n<p style=\"font-size: 1.1em;\"> Beste Preise direkt<br>Flexible Tarife<br>Sofortige Buchungsbest\u00e4tigung<br>Sichere Zahlung<\/p>\n\t\t\n<style>\n#text-1533619356 {\n  text-align: left;\n  color: rgb(255,255,255);\n}\n#text-1533619356 > * {\n  color: rgb(255,255,255);\n}\n<\/style>\n\t<\/div>\n\t\n\n\t\t\n<style>\n#stack-724503420 > * {\n  --stack-gap: 1rem;\n}\n<\/style>\n\t<\/div>\n\t\n\n\t\t<\/div>\n\t\t\t\t\n<style>\n#col-245593054 > .col-inner {\n  margin: 0px 0px 0px 20px;\n}\n<\/style>\n\t<\/div>\n\n\t\n\n\t<div id=\"col-330645662\" class=\"col medium-5 small-12 large-4\"  >\n\t\t\t\t<div class=\"col-inner text-center\"  >\n\t\t\t\n\t\t\t\n\n<a href=\"#\" target=\"_blank\" class=\"button primary box-shadow-2 distributor\" rel=\"nofollow noopener\" >\n\t\t<span>JETZT BUCHEN<\/span>\n\t<\/a>\n\n\n\n\t\t<\/div>\n\t\t\t\t\t<\/div>\n\n\t\n\n\n<style>\n#row-2146740594 > .col > .col-inner {\n  padding: 50px 20px 0px 20px;\n}\n@media (min-width:550px) {\n  #row-2146740594 > .col > .col-inner {\n    padding: 50px 0px 0px 0px;\n  }\n}\n<\/style>\n<\/div>\n\n\t\t<\/div>\n\n\t\t\n<style>\n#section_7171750 {\n  padding-top: 0px;\n  padding-bottom: 0px;\n}\n#section_7171750 .section-bg-overlay {\n  background-color: rgba(0, 0, 0, 0.87);\n}\n#section_7171750 .section-bg img {\n  object-position: 52% 54%;\n}\n#section_7171750 .ux-shape-divider--top svg {\n  height: 150px;\n  --divider-top-width: 100%;\n}\n<\/style>\n\t<\/section>\n\t\n","protected":false},"excerpt":{"rendered":"","protected":false},"author":3,"featured_media":0,"parent":0,"menu_order":0,"comment_status":"closed","ping_status":"closed","template":"","meta":{"footnotes":""},"class_list":["post-4056","page","type-page","status-publish","hentry"],"_links":{"self":[{"href":"https:\/\/www.hotelmabi.nl\/de\/wp-json\/wp\/v2\/pages\/4056","targetHints":{"allow":["GET"]}}],"collection":[{"href":"https:\/\/www.hotelmabi.nl\/de\/wp-json\/wp\/v2\/pages"}],"about":[{"href":"https:\/\/www.hotelmabi.nl\/de\/wp-json\/wp\/v2\/types\/page"}],"author":[{"embeddable":true,"href":"https:\/\/www.hotelmabi.nl\/de\/wp-json\/wp\/v2\/users\/3"}],"replies":[{"embeddable":true,"href":"https:\/\/www.hotelmabi.nl\/de\/wp-json\/wp\/v2\/comments?post=4056"}],"version-history":[{"count":0,"href":"https:\/\/www.hotelmabi.nl\/de\/wp-json\/wp\/v2\/pages\/4056\/revisions"}],"wp:attachment":[{"href":"https:\/\/www.hotelmabi.nl\/de\/wp-json\/wp\/v2\/media?parent=4056"}],"curies":[{"name":"wp","href":"https:\/\/api.w.org\/{rel}","templated":true}]}}