{"id":4033,"date":"2023-02-28T13:17:25","date_gmt":"2023-02-28T12:17:25","guid":{"rendered":"https:\/\/mabi1.wpengine.com\/essen-trinken\/"},"modified":"2025-08-12T13:36:39","modified_gmt":"2025-08-12T11:36:39","slug":"essen-trinken","status":"publish","type":"page","link":"https:\/\/www.hotelmabi.nl\/de\/essen-trinken\/","title":{"rendered":"Essen &amp; Trinken"},"content":{"rendered":"\n\t<section class=\"section\" id=\"section_521651955\">\n\t\t<div class=\"section-bg fill\" >\n\t\t\t<img decoding=\"async\" width=\"1920\" height=\"1439\" src=\"https:\/\/www.hotelmabi.nl\/wp-content\/uploads\/2023\/11\/MAB-Little-Cannes-Breakfast-1.webp\" class=\"bg attachment-original size-original\" alt=\"\" \/>\t\t\t\t\t\t<div class=\"section-bg-overlay absolute fill\"><\/div>\n\t\t\t\n\n\t\t<\/div>\n\n\t\t\n\n\t\t<div class=\"section-content relative\">\n\t\t\t\n<div class=\"row\"  id=\"row-973019037\">\n\n\t<div id=\"col-534018547\" class=\"col small-12 large-12\"  >\n\t\t\t\t<div class=\"col-inner text-shadow-4\"  >\n\t\t\t\n\t\t\t\n\t<div id=\"text-1088605982\" class=\"text\">\n\t\t\n<h1>Essen &amp; Trinken<\/h1>\n\t\t\n<style>\n#text-1088605982 {\n  text-align: center;\n  color: rgb(255,255,255);\n}\n#text-1088605982 > * {\n  color: rgb(255,255,255);\n}\n<\/style>\n\t<\/div>\n\t\n\t\t<\/div>\n\t\t\t\t\t<\/div>\n\n\t\n<\/div>\n\t\t<\/div>\n\n\t\t\n<style>\n#section_521651955 {\n  padding-top: 0px;\n  padding-bottom: 0px;\n  min-height: 400px;\n}\n#section_521651955 .section-bg-overlay {\n  background-color: rgba(0, 0, 0, 0.2);\n}\n#section_521651955 .section-bg img {\n  object-position: 51% 68%;\n}\n<\/style>\n\t<\/section>\n\t\n\t<div id=\"gap-1563903744\" class=\"gap-element clearfix\" style=\"display:block; height:auto;\">\n\t\t\n<style>\n#gap-1563903744 {\n  padding-top: 60px;\n}\n<\/style>\n\t<\/div>\n\t\n\n\t<section class=\"section\" id=\"section_1328968240\">\n\t\t<div class=\"section-bg fill\" >\n\t\t\t\t\t\t\t\t\t\n\t\t\t\n\n\t\t<\/div>\n\n\t\t\n\n\t\t<div class=\"section-content relative\">\n\t\t\t\n<div class=\"row row-collapse align-middle align-center\"  id=\"row-1410190210\">\n\n\t<div id=\"col-124623309\" class=\"col medium-5 small-12 large-5\"  >\n\t\t\t\t<div class=\"col-inner box-shadow-2\"  >\n\t\t\t\n\t\t\t\n<h2>Fr\u00fchst\u00fcck in Little Cannes<\/h2>\n<div class=\"is-divider divider clearfix\" ><\/div>\n<p>Genie\u00dfen Sie ein k\u00f6stlich opulentes und entspanntes Fr\u00fchst\u00fcck in Little Cannes, einem Ballsaal von einem Fr\u00fchst\u00fccksraum, in dem schicker Marmor, goldene Details und Palmen auf Sie strahlen. Das umfangreiche Fr\u00fchst\u00fccksbuffet bietet f\u00fcr jeden etwas und wir ber\u00fccksichtigen gerne Ihre Vorlieben im Voraus, wenn Sie uns informieren.<\/p>\n<a href=\"https:\/\/www.hotelmabi.nl\/de\/essen-trinken\/fruehstueck\/\" class=\"button secondary is-underline\" >\n\t\t<span>Entdecken Sie<\/span>\n\t<i class=\"icon-angle-right\" aria-hidden=\"true\"><\/i><\/a>\n\n\t\t<\/div>\n\t\t\t\t\n<style>\n#col-124623309 > .col-inner {\n  padding: 30px 30px 30px 30px;\n}\n<\/style>\n\t<\/div>\n\n\t\n\n\t<div id=\"col-1802922240\" class=\"col medium-7 small-12 large-7\"  >\n\t\t\t\t<div class=\"col-inner box-shadow-2\"  >\n\t\t\t\n\t\t\t\n\t<div class=\"img has-hover x md-x lg-x y md-y lg-y\" id=\"image_1212039409\">\n\t\t\t\t\t\t\t\t<div class=\"img-inner image-cover dark\" style=\"padding-top:70%;\">\n\t\t\t<img decoding=\"async\" width=\"1500\" height=\"1124\" src=\"https:\/\/www.hotelmabi.nl\/wp-content\/uploads\/2023\/02\/hotel-mabi-breakfast-area-1-1.webp\" class=\"attachment-original size-original\" alt=\"hotel mabi breakfast area\" srcset=\"https:\/\/www.hotelmabi.nl\/wp-content\/uploads\/2023\/02\/hotel-mabi-breakfast-area-1-1.webp 1500w, https:\/\/www.hotelmabi.nl\/wp-content\/uploads\/2023\/02\/hotel-mabi-breakfast-area-1-1-300x225.webp 300w, https:\/\/www.hotelmabi.nl\/wp-content\/uploads\/2023\/02\/hotel-mabi-breakfast-area-1-1-768x575.webp 768w, https:\/\/www.hotelmabi.nl\/wp-content\/uploads\/2023\/02\/hotel-mabi-breakfast-area-1-1-1024x767.webp 1024w\" sizes=\"(max-width: 1500px) 100vw, 1500px\" \/>\t\t\t\t\t\t\n\t\t\t\t\t<\/div>\n\t\t\t\t\t\t\t\t\n<style>\n#image_1212039409 {\n  width: 100%;\n}\n<\/style>\n\t<\/div>\n\t\n\t\t<\/div>\n\t\t\t\t\t<\/div>\n\n\t\n<\/div>\n\t\t<\/div>\n\n\t\t\n<style>\n#section_1328968240 {\n  padding-top: 30px;\n  padding-bottom: 30px;\n}\n<\/style>\n\t<\/section>\n\t\n\n\t<section class=\"section\" id=\"section_672275203\">\n\t\t<div class=\"section-bg fill\" >\n\t\t\t\t\t\t\t\t\t\n\t\t\t\n\n\t\t<\/div>\n\n\t\t\n\n\t\t<div class=\"section-content relative\">\n\t\t\t\n<div class=\"row row-collapse align-middle align-center\"  id=\"row-1716106239\">\n\n\t<div id=\"col-1829263168\" class=\"col medium-7 small-12 large-7\"  >\n\t\t\t\t<div class=\"col-inner box-shadow-2\"  >\n\t\t\t\n\t\t\t\n\t<div class=\"img has-hover x md-x lg-x y md-y lg-y\" id=\"image_1698275428\">\n\t\t\t\t\t\t\t\t<div class=\"img-inner image-cover dark\" style=\"padding-top:70%;\">\n\t\t\t<img decoding=\"async\" width=\"1500\" height=\"1124\" src=\"https:\/\/www.hotelmabi.nl\/wp-content\/uploads\/2023\/02\/bar-twisted-sit-area-1.webp\" class=\"attachment-original size-original\" alt=\"bar twisted sit area\" srcset=\"https:\/\/www.hotelmabi.nl\/wp-content\/uploads\/2023\/02\/bar-twisted-sit-area-1.webp 1500w, https:\/\/www.hotelmabi.nl\/wp-content\/uploads\/2023\/02\/bar-twisted-sit-area-1-300x225.webp 300w, https:\/\/www.hotelmabi.nl\/wp-content\/uploads\/2023\/02\/bar-twisted-sit-area-1-768x575.webp 768w, https:\/\/www.hotelmabi.nl\/wp-content\/uploads\/2023\/02\/bar-twisted-sit-area-1-1024x767.webp 1024w\" sizes=\"(max-width: 1500px) 100vw, 1500px\" \/>\t\t\t\t\t\t\n\t\t\t\t\t<\/div>\n\t\t\t\t\t\t\t\t\n<style>\n#image_1698275428 {\n  width: 100%;\n}\n<\/style>\n\t<\/div>\n\t\n\t\t<\/div>\n\t\t\t\t\t<\/div>\n\n\t\n\n\t<div id=\"col-1289904038\" class=\"col medium-5 small-12 large-5 small-col-first\"  >\n\t\t\t\t<div class=\"col-inner box-shadow-2\"  >\n\t\t\t\n\t\t\t\n<h2>Bar Twisted<\/h2>\n<div class=\"is-divider divider clearfix\" ><\/div>\n<p>Die Hotelbar Twisted ist der Treffpunkt, an dem Bekannte und Unbekannte zusammentreffen, um gemeinsam Zeit zu verbringen. Unerwartete Elemente in der Mischung sorgen f\u00fcr ein Geschmackserlebnis mit einem Twist, das Sie in die Geschichte des Mabi City Centre Hotels entf\u00fchrt. Ein Ort der Entspannung mit einer Getr\u00e4nkekarte, bei der die unbegrenzte Vorstellungskraft wieder ein Muss ist.<\/p>\n<a href=\"https:\/\/www.hotelmabi.nl\/de\/essen-trinken\/bar-twisted\/\" class=\"button secondary is-underline\" >\n\t\t<span>Entdecken Sie<\/span>\n\t<i class=\"icon-angle-right\" aria-hidden=\"true\"><\/i><\/a>\n\n\t\t<\/div>\n\t\t\t\t\n<style>\n#col-1289904038 > .col-inner {\n  padding: 30px 30px 30px 30px;\n}\n<\/style>\n\t<\/div>\n\n\t\n<\/div>\n\t\t<\/div>\n\n\t\t\n<style>\n#section_672275203 {\n  padding-top: 30px;\n  padding-bottom: 30px;\n}\n<\/style>\n\t<\/section>\n\t\n\n\t<section class=\"section\" id=\"section_571276848\">\n\t\t<div class=\"section-bg fill\" >\n\t\t\t\t\t\t\t\t\t\n\t\t\t\n\n\t\t<\/div>\n\n\t\t\n\n\t\t<div class=\"section-content relative\">\n\t\t\t\n\n<div class=\"row\"  id=\"row-373202936\">\n\n\n\t<div id=\"col-1803760507\" class=\"col small-12 large-12\"  >\n\t\t\t\t<div class=\"col-inner\"  >\n\t\t\t\n\t\t\t\n\n<div class=\"container section-title-container\" ><h3 class=\"section-title section-title-center\"><b aria-hidden=\"true\"><\/b><span class=\"section-title-main\" >Standort<\/span><b aria-hidden=\"true\"><\/b><\/h3><\/div>\n\n\n\t\t<\/div>\n\t\t\t\t\t<\/div>\n\n\t\n\n<\/div>\n<div class=\"row align-center\"  id=\"row-546593125\">\n\n\n\t<div id=\"col-1473586600\" class=\"col medium-11 small-12 large-10\"  >\n\t\t\t\t<div class=\"col-inner\"  >\n\t\t\t\n\t\t\t\n\n\t<div id=\"text-1163355211\" class=\"text\">\n\t\t\n\n<p><strong>Hotel nahe am Markt Maastricht<\/strong><\/p>\n\t\t\n<style>\n#text-1163355211 {\n  font-size: 1.8rem;\n  text-align: center;\n  color: rgb(104, 42, 57);\n}\n#text-1163355211 > * {\n  color: rgb(104, 42, 57);\n}\n<\/style>\n\t<\/div>\n\t\n<div class=\"row row-large\"  id=\"row-249060626\">\n\n\n\t<div id=\"col-1135689445\" class=\"col medium-7 small-12 large-7\"  >\n\t\t\t\t<div class=\"col-inner\"  >\n\t\t\t\n\t\t\t\n\n<p>Das <a href=\"\/\">Mabi<\/a> Hotel Centrum liegt im Boschstraatkwartier, einem sch\u00f6nen Viertel mitten im gem\u00fctlichen, historischen <a href=\"https:\/\/www.hotelmabi.nl\/de\/luxurioses-design-hotel-maastricht\/\">Zentrum von Maastrich<\/a>t. In unmittelbarer N\u00e4he befinden sich der Markt sowie die Einkaufszentren Mosae Forum und Entre Deux. In nur f\u00fcnf Minuten sind Sie zu Fu\u00df <a href=\"https:\/\/www.hotelmabi.nl\/vrijthof-maastricht\/\">am Vrijthof<\/a> oder Onze Lieve Vrouweplein. Der Hauptbahnhof von Maastricht ist etwa 15 Minuten zu Fu\u00df entfernt.<\/p>\n\t<div id=\"text-1195064185\" class=\"text\">\n\t\t\n\n<p><a href=\"https:\/\/www.hotelmabi.nl\/de\/standort\/\">Location &amp; Directions<\/a><\/p>\n\t\t\n<style>\n#text-1195064185 {\n  text-align: center;\n}\n<\/style>\n\t<\/div>\n\t\n\n\t\t<\/div>\n\t\t\t\t\n<style>\n#col-1135689445 > .col-inner {\n  margin: 0px 0px 0px 10px;\n}\n@media (min-width:550px) {\n  #col-1135689445 > .col-inner {\n    margin: 0px 0px 0px 20px;\n  }\n}\n<\/style>\n\t<\/div>\n\n\t\n\n\t<div id=\"col-898929481\" class=\"col medium-5 small-12 large-5\"  >\n\t\t\t\t<div class=\"col-inner\"  >\n\t\t\t\n\t\t\t\n\n<ul>\n<li>Markt - 100 m<\/li>\n<li>'t Bassin - 400 m<\/li>\n<li>Sint Servaasbrug - 600 m<\/li>\n<li>Vrijthof - 700 m<\/li>\n<li>Onze Lieve Vrouweplein - 700 m<\/li>\n<\/ul>\n\n\t\t<\/div>\n\t\t\t\t\t<\/div>\n\n\t\n\n<\/div>\n\n\t\t<\/div>\n\t\t\t\t\t<\/div>\n\n\t\n\n<\/div>\n\n\t\t<\/div>\n\n\t\t\n<style>\n#section_571276848 {\n  padding-top: 30px;\n  padding-bottom: 30px;\n}\n<\/style>\n\t<\/section>\n\t\n\n\t<section class=\"section\" id=\"section_402023579\">\n\t\t<div class=\"section-bg fill\" >\n\t\t\t\t\t\t\t\t\t<div class=\"section-bg-overlay absolute fill\"><\/div>\n\t\t\t\n\n\t\t<\/div>\n\n\t\t\t<div class=\"ux-shape-divider ux-shape-divider--top ux-shape-divider--style-arrow\">\n\t\t<svg viewBox=\"0 0 1000 100\" xmlns=\"http:\/\/www.w3.org\/2000\/svg\" preserveAspectRatio=\"none\">\n\t<path class=\"ux-shape-fill\" d=\"M1000 100H0L0 96H483L500 79L517 96H1000V100Z\"\/>\n<\/svg>\n\t<\/div>\n\n\n\t\t<div class=\"section-content relative\">\n\t\t\t\n\n<div class=\"row row-collapse align-middle align-center\"  id=\"row-330458565\">\n\n\n\t<div id=\"col-452289776\" class=\"col medium-4 small-12 large-4\"  >\n\t\t\t\t<div class=\"col-inner text-center dark\"  >\n\t\t\t\n\t\t\t\n\n\t<div id=\"text-381523411\" class=\"text\">\n\t\t\n\n<p style=\"font-size: 1.3em; letter-spacing: 0.3em;\"><strong>VORTEILE DIREKT BUCHEN <\/strong><\/p>\n\t\t\n<style>\n#text-381523411 {\n  text-align: left;\n  color: rgb(255,255,255);\n}\n#text-381523411 > * {\n  color: rgb(255,255,255);\n}\n<\/style>\n\t<\/div>\n\t\n\t<div id=\"stack-2588920526\" class=\"stack stack-row justify-start items-stretch\">\n\t\t\n\n\t<div id=\"text-3809824402\" class=\"text\">\n\t\t\n\n<p style=\"font-size: 1.1em;\">  <i class=\"blanco fa-regular fa-tags\"><\/i><br>  <i class=\"blanco fa-regular fa-shuffle\"><\/i><br>  <i class=\"blanco fa-regular fa-check\"><\/i> <br>  <i class=\"blanco fa-regular fa-lock\"><\/i><\/p>\n\t\t\n<style>\n#text-3809824402 {\n  text-align: left;\n}\n<\/style>\n\t<\/div>\n\t\n\t<div id=\"text-2566638642\" class=\"text\">\n\t\t\n\n<p style=\"font-size: 1.1em;\"> Beste Preise direkt<br>Flexible Tarife<br>Sofortige Buchungsbest\u00e4tigung<br>Sichere Zahlung<\/p>\n\t\t\n<style>\n#text-2566638642 {\n  text-align: left;\n  color: rgb(255,255,255);\n}\n#text-2566638642 > * {\n  color: rgb(255,255,255);\n}\n<\/style>\n\t<\/div>\n\t\n\n\t\t\n<style>\n#stack-2588920526 > * {\n  --stack-gap: 1rem;\n}\n<\/style>\n\t<\/div>\n\t\n\n\t\t<\/div>\n\t\t\t\t\n<style>\n#col-452289776 > .col-inner {\n  margin: 0px 0px 0px 20px;\n}\n<\/style>\n\t<\/div>\n\n\t\n\n\t<div id=\"col-827459061\" class=\"col medium-5 small-12 large-4\"  >\n\t\t\t\t<div class=\"col-inner text-center\"  >\n\t\t\t\n\t\t\t\n\n<a href=\"#\" target=\"_blank\" class=\"button primary box-shadow-2 distributor\" rel=\"nofollow noopener\" >\n\t\t<span>JETZT BUCHEN<\/span>\n\t<\/a>\n\n\n\n\t\t<\/div>\n\t\t\t\t\t<\/div>\n\n\t\n\n\n<style>\n#row-330458565 > .col > .col-inner {\n  padding: 50px 20px 0px 20px;\n}\n@media (min-width:550px) {\n  #row-330458565 > .col > .col-inner {\n    padding: 50px 0px 0px 0px;\n  }\n}\n<\/style>\n<\/div>\n\n\t\t<\/div>\n\n\t\t\n<style>\n#section_402023579 {\n  padding-top: 0px;\n  padding-bottom: 0px;\n}\n#section_402023579 .section-bg-overlay {\n  background-color: rgba(0, 0, 0, 0.87);\n}\n#section_402023579 .section-bg img {\n  object-position: 52% 54%;\n}\n#section_402023579 .ux-shape-divider--top svg {\n  height: 150px;\n  --divider-top-width: 100%;\n}\n<\/style>\n\t<\/section>\n\t\n","protected":false},"excerpt":{"rendered":"","protected":false},"author":3,"featured_media":0,"parent":0,"menu_order":0,"comment_status":"closed","ping_status":"closed","template":"page-blank.php","meta":{"footnotes":""},"class_list":["post-4033","page","type-page","status-publish","hentry"],"_links":{"self":[{"href":"https:\/\/www.hotelmabi.nl\/de\/wp-json\/wp\/v2\/pages\/4033","targetHints":{"allow":["GET"]}}],"collection":[{"href":"https:\/\/www.hotelmabi.nl\/de\/wp-json\/wp\/v2\/pages"}],"about":[{"href":"https:\/\/www.hotelmabi.nl\/de\/wp-json\/wp\/v2\/types\/page"}],"author":[{"embeddable":true,"href":"https:\/\/www.hotelmabi.nl\/de\/wp-json\/wp\/v2\/users\/3"}],"replies":[{"embeddable":true,"href":"https:\/\/www.hotelmabi.nl\/de\/wp-json\/wp\/v2\/comments?post=4033"}],"version-history":[{"count":0,"href":"https:\/\/www.hotelmabi.nl\/de\/wp-json\/wp\/v2\/pages\/4033\/revisions"}],"wp:attachment":[{"href":"https:\/\/www.hotelmabi.nl\/de\/wp-json\/wp\/v2\/media?parent=4033"}],"curies":[{"name":"wp","href":"https:\/\/api.w.org\/{rel}","templated":true}]}}